{"id":8925,"date":"2020-11-11T15:58:38","date_gmt":"2020-11-11T15:58:38","guid":{"rendered":"https:\/\/www.heathcoat.co.uk\/tulle-anglais-fin\/"},"modified":"2021-07-23T09:41:22","modified_gmt":"2021-07-23T08:41:22","slug":"tulle-anglais-fin","status":"publish","type":"page","link":"https:\/\/www.heathcoat.co.uk\/fr\/market-sectors\/tulle-anglais-fin\/","title":{"rendered":"Tulle anglais"},"content":{"rendered":"","protected":false},"excerpt":{"rendered":"","protected":false},"author":3,"featured_media":6721,"parent":8227,"menu_order":0,"comment_status":"closed","ping_status":"closed","template":"","meta":[],"class_list":["post-8925","page","type-page","status-publish","has-post-thumbnail","hentry"],"yoast_head":"<!-- This site is optimized with the Yoast SEO Premium plugin v27.5 (Yoast SEO v27.5) - https:\/\/yoast.com\/product\/yoast-seo-premium-wordpress\/ -->\n<title>Tulle anglais | Heathcoat Fabrics<\/title>\n<meta name=\"description\" content=\"Une gamme de tulle anglais et de tulle dress net de premi\u00e8re qualit\u00e9 avec une protection brevet\u00e9e contre l\u2019inflammabilit\u00e9 Flare Free. Une s\u00e9curit\u00e9 rassurante pour des g\u00e9n\u00e9rations de mari\u00e9es et une solution de premier choix pour les cr\u00e9ateurs.\" \/>\n<meta name=\"robots\" content=\"index, follow, max-snippet:-1, max-image-preview:large, max-video-preview:-1\" \/>\n<link rel=\"canonical\" href=\"https:\/\/www.heathcoat.co.uk\/fr\/market-sectors\/tulle-anglais-fin\/\" \/>\n<meta property=\"og:locale\" content=\"fr_FR\" \/>\n<meta property=\"og:type\" content=\"article\" \/>\n<meta property=\"og:title\" content=\"Tulle anglais\" \/>\n<meta property=\"og:description\" content=\"Une gamme de tulle anglais et de tulle dress net de premi\u00e8re qualit\u00e9 avec une protection brevet\u00e9e contre l\u2019inflammabilit\u00e9 Flare Free. Une s\u00e9curit\u00e9 rassurante pour des g\u00e9n\u00e9rations de mari\u00e9es et une solution de premier choix pour les cr\u00e9ateurs.\" \/>\n<meta property=\"og:url\" content=\"https:\/\/www.heathcoat.co.uk\/fr\/market-sectors\/tulle-anglais-fin\/\" \/>\n<meta property=\"og:site_name\" content=\"Heathcoat Fabrics\" \/>\n<meta property=\"article:publisher\" content=\"https:\/\/www.facebook.com\/HeathcoatFabric\/\" \/>\n<meta property=\"article:modified_time\" content=\"2021-07-23T08:41:22+00:00\" \/>\n<meta property=\"og:image\" content=\"https:\/\/www.heathcoat.co.uk\/wp-content\/uploads\/2020\/07\/wedding-dresses-rail-masthead-tint.jpg\" \/>\n\t<meta property=\"og:image:width\" content=\"1920\" \/>\n\t<meta property=\"og:image:height\" content=\"1080\" \/>\n\t<meta property=\"og:image:type\" content=\"image\/jpeg\" \/>\n<meta name=\"twitter:card\" content=\"summary_large_image\" \/>\n<meta name=\"twitter:site\" content=\"@heathcoatfabric\" \/>\n<!-- \/ Yoast SEO Premium plugin. -->","yoast_head_json":{"title":"Tulle anglais | Heathcoat Fabrics","description":"Une gamme de tulle anglais et de tulle dress net de premi\u00e8re qualit\u00e9 avec une protection brevet\u00e9e contre l\u2019inflammabilit\u00e9 Flare Free. Une s\u00e9curit\u00e9 rassurante pour des g\u00e9n\u00e9rations de mari\u00e9es et une solution de premier choix pour les cr\u00e9ateurs.","robots":{"index":"index","follow":"follow","max-snippet":"max-snippet:-1","max-image-preview":"max-image-preview:large","max-video-preview":"max-video-preview:-1"},"canonical":"https:\/\/www.heathcoat.co.uk\/fr\/market-sectors\/tulle-anglais-fin\/","og_locale":"fr_FR","og_type":"article","og_title":"Tulle anglais","og_description":"Une gamme de tulle anglais et de tulle dress net de premi\u00e8re qualit\u00e9 avec une protection brevet\u00e9e contre l\u2019inflammabilit\u00e9 Flare Free. Une s\u00e9curit\u00e9 rassurante pour des g\u00e9n\u00e9rations de mari\u00e9es et une solution de premier choix pour les cr\u00e9ateurs.","og_url":"https:\/\/www.heathcoat.co.uk\/fr\/market-sectors\/tulle-anglais-fin\/","og_site_name":"Heathcoat Fabrics","article_publisher":"https:\/\/www.facebook.com\/HeathcoatFabric\/","article_modified_time":"2021-07-23T08:41:22+00:00","og_image":[{"width":1920,"height":1080,"url":"https:\/\/www.heathcoat.co.uk\/wp-content\/uploads\/2020\/07\/wedding-dresses-rail-masthead-tint.jpg","type":"image\/jpeg"}],"twitter_card":"summary_large_image","twitter_site":"@heathcoatfabric","schema":{"@context":"https:\/\/schema.org","@graph":[{"@type":"WebPage","@id":"https:\/\/www.heathcoat.co.uk\/fr\/market-sectors\/tulle-anglais-fin\/","url":"https:\/\/www.heathcoat.co.uk\/fr\/market-sectors\/tulle-anglais-fin\/","name":"Tulle anglais | Heathcoat Fabrics","isPartOf":{"@id":"https:\/\/www.heathcoat.co.uk\/fr\/#website"},"primaryImageOfPage":{"@id":"https:\/\/www.heathcoat.co.uk\/fr\/market-sectors\/tulle-anglais-fin\/#primaryimage"},"image":{"@id":"https:\/\/www.heathcoat.co.uk\/fr\/market-sectors\/tulle-anglais-fin\/#primaryimage"},"thumbnailUrl":"https:\/\/www.heathcoat.co.uk\/wp-content\/uploads\/2020\/07\/wedding-dresses-rail-masthead-tint.jpg","datePublished":"2020-11-11T15:58:38+00:00","dateModified":"2021-07-23T08:41:22+00:00","description":"Une gamme de tulle anglais et de tulle dress net de premi\u00e8re qualit\u00e9 avec une protection brevet\u00e9e contre l\u2019inflammabilit\u00e9 Flare Free. Une s\u00e9curit\u00e9 rassurante pour des g\u00e9n\u00e9rations de mari\u00e9es et une solution de premier choix pour les cr\u00e9ateurs.","breadcrumb":{"@id":"https:\/\/www.heathcoat.co.uk\/fr\/market-sectors\/tulle-anglais-fin\/#breadcrumb"},"inLanguage":"fr-FR","potentialAction":[{"@type":"ReadAction","target":["https:\/\/www.heathcoat.co.uk\/fr\/market-sectors\/tulle-anglais-fin\/"]}]},{"@type":"ImageObject","inLanguage":"fr-FR","@id":"https:\/\/www.heathcoat.co.uk\/fr\/market-sectors\/tulle-anglais-fin\/#primaryimage","url":"https:\/\/www.heathcoat.co.uk\/wp-content\/uploads\/2020\/07\/wedding-dresses-rail-masthead-tint.jpg","contentUrl":"https:\/\/www.heathcoat.co.uk\/wp-content\/uploads\/2020\/07\/wedding-dresses-rail-masthead-tint.jpg","width":1920,"height":1080},{"@type":"BreadcrumbList","@id":"https:\/\/www.heathcoat.co.uk\/fr\/market-sectors\/tulle-anglais-fin\/#breadcrumb","itemListElement":[{"@type":"ListItem","position":1,"name":"Home","item":"https:\/\/www.heathcoat.co.uk\/fr\/page-daccueil\/"},{"@type":"ListItem","position":2,"name":"March\u00e9s","item":"https:\/\/www.heathcoat.co.uk\/fr\/market-sectors\/"},{"@type":"ListItem","position":3,"name":"Tulle anglais"}]},{"@type":"WebSite","@id":"https:\/\/www.heathcoat.co.uk\/fr\/#website","url":"https:\/\/www.heathcoat.co.uk\/fr\/","name":"Heathcoat Fabrics","description":"[:en]Redefining Technical Textiles[:de]Redefining Technical Textiles[:es]Redefining Technical Textiles[:fr]Redefining Technical Textiles[:]","publisher":{"@id":"https:\/\/www.heathcoat.co.uk\/fr\/#organization"},"potentialAction":[{"@type":"SearchAction","target":{"@type":"EntryPoint","urlTemplate":"https:\/\/www.heathcoat.co.uk\/fr\/?s={search_term_string}"},"query-input":{"@type":"PropertyValueSpecification","valueRequired":true,"valueName":"search_term_string"}}],"inLanguage":"fr-FR"},{"@type":"Organization","@id":"https:\/\/www.heathcoat.co.uk\/fr\/#organization","name":"Heathcoat Fabrics Limited","alternateName":"Heathcote","url":"https:\/\/www.heathcoat.co.uk\/fr\/","logo":{"@type":"ImageObject","inLanguage":"fr-FR","@id":"https:\/\/www.heathcoat.co.uk\/fr\/#\/schema\/logo\/image\/","url":"https:\/\/www.heathcoat.co.uk\/wp-content\/uploads\/2020\/09\/heathcoat_logo21cm.jpg","contentUrl":"https:\/\/www.heathcoat.co.uk\/wp-content\/uploads\/2020\/09\/heathcoat_logo21cm.jpg","width":2480,"height":1018,"caption":"Heathcoat Fabrics Limited"},"image":{"@id":"https:\/\/www.heathcoat.co.uk\/fr\/#\/schema\/logo\/image\/"},"sameAs":["https:\/\/www.facebook.com\/HeathcoatFabric\/","https:\/\/x.com\/heathcoatfabric","https:\/\/www.linkedin.com\/company\/heathcoat-fabrics-limited\/","https:\/\/www.youtube.com\/channel\/UCOk5PU6FBjzf356IKOO7MuQ"],"description":"World-class, sustainability-focused technical textile manufacturer of market-leading engineered, industrial and technical apparel fabrics.","email":"info@heathcoat.co.uk","telephone":"+44 1884 254949","legalName":"Heathcoat Fabrics Limited"}]}},"acf":[],"_links":{"self":[{"href":"https:\/\/www.heathcoat.co.uk\/fr\/wp-json\/wp\/v2\/pages\/8925","targetHints":{"allow":["GET"]}}],"collection":[{"href":"https:\/\/www.heathcoat.co.uk\/fr\/wp-json\/wp\/v2\/pages"}],"about":[{"href":"https:\/\/www.heathcoat.co.uk\/fr\/wp-json\/wp\/v2\/types\/page"}],"author":[{"embeddable":true,"href":"https:\/\/www.heathcoat.co.uk\/fr\/wp-json\/wp\/v2\/users\/3"}],"replies":[{"embeddable":true,"href":"https:\/\/www.heathcoat.co.uk\/fr\/wp-json\/wp\/v2\/comments?post=8925"}],"version-history":[{"count":1,"href":"https:\/\/www.heathcoat.co.uk\/fr\/wp-json\/wp\/v2\/pages\/8925\/revisions"}],"predecessor-version":[{"id":8958,"href":"https:\/\/www.heathcoat.co.uk\/fr\/wp-json\/wp\/v2\/pages\/8925\/revisions\/8958"}],"up":[{"embeddable":true,"href":"https:\/\/www.heathcoat.co.uk\/fr\/wp-json\/wp\/v2\/pages\/8227"}],"wp:featuredmedia":[{"embeddable":true,"href":"https:\/\/www.heathcoat.co.uk\/fr\/wp-json\/wp\/v2\/media\/6721"}],"wp:attachment":[{"href":"https:\/\/www.heathcoat.co.uk\/fr\/wp-json\/wp\/v2\/media?parent=8925"}],"curies":[{"name":"wp","href":"https:\/\/api.w.org\/{rel}","templated":true}]}}