{"id":8904,"date":"2020-11-11T15:58:23","date_gmt":"2020-11-11T15:58:23","guid":{"rendered":"https:\/\/www.heathcoat.co.uk\/market-sectors\/automobile\/"},"modified":"2020-11-11T15:58:23","modified_gmt":"2020-11-11T15:58:23","slug":"automobile","status":"publish","type":"page","link":"https:\/\/www.heathcoat.co.uk\/fr\/market-sectors\/automobile\/","title":{"rendered":"Automobile"},"content":{"rendered":"","protected":false},"excerpt":{"rendered":"","protected":false},"author":1,"featured_media":3650,"parent":8227,"menu_order":0,"comment_status":"closed","ping_status":"closed","template":"","meta":[],"class_list":["post-8904","page","type-page","status-publish","has-post-thumbnail","hentry"],"yoast_head":"<!-- This site is optimized with the Yoast SEO Premium plugin v27.2 (Yoast SEO v27.3) - https:\/\/yoast.com\/product\/yoast-seo-premium-wordpress\/ -->\n<title>Automobile | Heathcoat Fabrics<\/title>\n<meta name=\"description\" content=\"Des tissus pour courroies de distribution au sommet du march\u00e9 mondial\u00a0; textiles pour renforts de tuyaux, d\u00e9coration int\u00e9rieure, si\u00e8ges climatis\u00e9s, panneaux, applications audio et autres technologies embarqu\u00e9es.\" \/>\n<meta name=\"robots\" content=\"index, follow, max-snippet:-1, max-image-preview:large, max-video-preview:-1\" \/>\n<link rel=\"canonical\" href=\"https:\/\/www.heathcoat.co.uk\/fr\/market-sectors\/automobile\/\" \/>\n<meta property=\"og:locale\" content=\"fr_FR\" \/>\n<meta property=\"og:type\" content=\"article\" \/>\n<meta property=\"og:title\" content=\"Automobile\" \/>\n<meta property=\"og:description\" content=\"Des tissus pour courroies de distribution au sommet du march\u00e9 mondial\u00a0; textiles pour renforts de tuyaux, d\u00e9coration int\u00e9rieure, si\u00e8ges climatis\u00e9s, panneaux, applications audio et autres technologies embarqu\u00e9es.\" \/>\n<meta property=\"og:url\" content=\"https:\/\/www.heathcoat.co.uk\/fr\/market-sectors\/automobile\/\" \/>\n<meta property=\"og:site_name\" content=\"Heathcoat Fabrics\" \/>\n<meta property=\"article:publisher\" content=\"https:\/\/www.facebook.com\/HeathcoatFabric\/\" \/>\n<meta property=\"og:image\" content=\"https:\/\/www.heathcoat.co.uk\/wp-content\/uploads\/2019\/04\/AdobeStock_133156970_OPT.jpg\" \/>\n\t<meta property=\"og:image:width\" content=\"1600\" \/>\n\t<meta property=\"og:image:height\" content=\"951\" \/>\n\t<meta property=\"og:image:type\" content=\"image\/jpeg\" \/>\n<meta name=\"twitter:card\" content=\"summary_large_image\" \/>\n<meta name=\"twitter:site\" content=\"@heathcoatfabric\" \/>\n<!-- \/ Yoast SEO Premium plugin. -->","yoast_head_json":{"title":"Automobile | Heathcoat Fabrics","description":"Des tissus pour courroies de distribution au sommet du march\u00e9 mondial\u00a0; textiles pour renforts de tuyaux, d\u00e9coration int\u00e9rieure, si\u00e8ges climatis\u00e9s, panneaux, applications audio et autres technologies embarqu\u00e9es.","robots":{"index":"index","follow":"follow","max-snippet":"max-snippet:-1","max-image-preview":"max-image-preview:large","max-video-preview":"max-video-preview:-1"},"canonical":"https:\/\/www.heathcoat.co.uk\/fr\/market-sectors\/automobile\/","og_locale":"fr_FR","og_type":"article","og_title":"Automobile","og_description":"Des tissus pour courroies de distribution au sommet du march\u00e9 mondial\u00a0; textiles pour renforts de tuyaux, d\u00e9coration int\u00e9rieure, si\u00e8ges climatis\u00e9s, panneaux, applications audio et autres technologies embarqu\u00e9es.","og_url":"https:\/\/www.heathcoat.co.uk\/fr\/market-sectors\/automobile\/","og_site_name":"Heathcoat Fabrics","article_publisher":"https:\/\/www.facebook.com\/HeathcoatFabric\/","og_image":[{"width":1600,"height":951,"url":"https:\/\/www.heathcoat.co.uk\/wp-content\/uploads\/2019\/04\/AdobeStock_133156970_OPT.jpg","type":"image\/jpeg"}],"twitter_card":"summary_large_image","twitter_site":"@heathcoatfabric","schema":{"@context":"https:\/\/schema.org","@graph":[{"@type":"WebPage","@id":"https:\/\/www.heathcoat.co.uk\/fr\/market-sectors\/automobile\/","url":"https:\/\/www.heathcoat.co.uk\/fr\/market-sectors\/automobile\/","name":"Automobile | Heathcoat Fabrics","isPartOf":{"@id":"https:\/\/www.heathcoat.co.uk\/fr\/#website"},"primaryImageOfPage":{"@id":"https:\/\/www.heathcoat.co.uk\/fr\/market-sectors\/automobile\/#primaryimage"},"image":{"@id":"https:\/\/www.heathcoat.co.uk\/fr\/market-sectors\/automobile\/#primaryimage"},"thumbnailUrl":"https:\/\/www.heathcoat.co.uk\/wp-content\/uploads\/2019\/04\/AdobeStock_133156970_OPT.jpg","datePublished":"2020-11-11T15:58:23+00:00","description":"Des tissus pour courroies de distribution au sommet du march\u00e9 mondial\u00a0; textiles pour renforts de tuyaux, d\u00e9coration int\u00e9rieure, si\u00e8ges climatis\u00e9s, panneaux, applications audio et autres technologies embarqu\u00e9es.","breadcrumb":{"@id":"https:\/\/www.heathcoat.co.uk\/fr\/market-sectors\/automobile\/#breadcrumb"},"inLanguage":"fr-FR","potentialAction":[{"@type":"ReadAction","target":["https:\/\/www.heathcoat.co.uk\/fr\/market-sectors\/automobile\/"]}]},{"@type":"ImageObject","inLanguage":"fr-FR","@id":"https:\/\/www.heathcoat.co.uk\/fr\/market-sectors\/automobile\/#primaryimage","url":"https:\/\/www.heathcoat.co.uk\/wp-content\/uploads\/2019\/04\/AdobeStock_133156970_OPT.jpg","contentUrl":"https:\/\/www.heathcoat.co.uk\/wp-content\/uploads\/2019\/04\/AdobeStock_133156970_OPT.jpg","width":1600,"height":951},{"@type":"BreadcrumbList","@id":"https:\/\/www.heathcoat.co.uk\/fr\/market-sectors\/automobile\/#breadcrumb","itemListElement":[{"@type":"ListItem","position":1,"name":"Home","item":"https:\/\/www.heathcoat.co.uk\/fr\/page-daccueil\/"},{"@type":"ListItem","position":2,"name":"March\u00e9s","item":"https:\/\/www.heathcoat.co.uk\/fr\/market-sectors\/"},{"@type":"ListItem","position":3,"name":"Automobile"}]},{"@type":"WebSite","@id":"https:\/\/www.heathcoat.co.uk\/fr\/#website","url":"https:\/\/www.heathcoat.co.uk\/fr\/","name":"Heathcoat Fabrics","description":"[:en]Redefining Technical Textiles[:de]Redefining Technical Textiles[:es]Redefining Technical Textiles[:fr]Redefining Technical Textiles[:]","publisher":{"@id":"https:\/\/www.heathcoat.co.uk\/fr\/#organization"},"potentialAction":[{"@type":"SearchAction","target":{"@type":"EntryPoint","urlTemplate":"https:\/\/www.heathcoat.co.uk\/fr\/?s={search_term_string}"},"query-input":{"@type":"PropertyValueSpecification","valueRequired":true,"valueName":"search_term_string"}}],"inLanguage":"fr-FR"},{"@type":"Organization","@id":"https:\/\/www.heathcoat.co.uk\/fr\/#organization","name":"Heathcoat Fabrics Limited","alternateName":"Heathcote","url":"https:\/\/www.heathcoat.co.uk\/fr\/","logo":{"@type":"ImageObject","inLanguage":"fr-FR","@id":"https:\/\/www.heathcoat.co.uk\/fr\/#\/schema\/logo\/image\/","url":"https:\/\/www.heathcoat.co.uk\/wp-content\/uploads\/2020\/09\/heathcoat_logo21cm.jpg","contentUrl":"https:\/\/www.heathcoat.co.uk\/wp-content\/uploads\/2020\/09\/heathcoat_logo21cm.jpg","width":2480,"height":1018,"caption":"Heathcoat Fabrics Limited"},"image":{"@id":"https:\/\/www.heathcoat.co.uk\/fr\/#\/schema\/logo\/image\/"},"sameAs":["https:\/\/www.facebook.com\/HeathcoatFabric\/","https:\/\/x.com\/heathcoatfabric","https:\/\/www.linkedin.com\/company\/heathcoat-fabrics-limited\/","https:\/\/www.youtube.com\/channel\/UCOk5PU6FBjzf356IKOO7MuQ"],"description":"World-class, sustainability-focused technical textile manufacturer of market-leading engineered, industrial and technical apparel fabrics.","email":"info@heathcoat.co.uk","telephone":"+44 1884 254949","legalName":"Heathcoat Fabrics Limited"}]}},"acf":[],"_links":{"self":[{"href":"https:\/\/www.heathcoat.co.uk\/fr\/wp-json\/wp\/v2\/pages\/8904","targetHints":{"allow":["GET"]}}],"collection":[{"href":"https:\/\/www.heathcoat.co.uk\/fr\/wp-json\/wp\/v2\/pages"}],"about":[{"href":"https:\/\/www.heathcoat.co.uk\/fr\/wp-json\/wp\/v2\/types\/page"}],"author":[{"embeddable":true,"href":"https:\/\/www.heathcoat.co.uk\/fr\/wp-json\/wp\/v2\/users\/1"}],"replies":[{"embeddable":true,"href":"https:\/\/www.heathcoat.co.uk\/fr\/wp-json\/wp\/v2\/comments?post=8904"}],"version-history":[{"count":0,"href":"https:\/\/www.heathcoat.co.uk\/fr\/wp-json\/wp\/v2\/pages\/8904\/revisions"}],"up":[{"embeddable":true,"href":"https:\/\/www.heathcoat.co.uk\/fr\/wp-json\/wp\/v2\/pages\/8227"}],"wp:featuredmedia":[{"embeddable":true,"href":"https:\/\/www.heathcoat.co.uk\/fr\/wp-json\/wp\/v2\/media\/3650"}],"wp:attachment":[{"href":"https:\/\/www.heathcoat.co.uk\/fr\/wp-json\/wp\/v2\/media?parent=8904"}],"curies":[{"name":"wp","href":"https:\/\/api.w.org\/{rel}","templated":true}]}}