{"id":8899,"date":"2020-11-11T15:09:21","date_gmt":"2020-11-11T15:09:21","guid":{"rendered":"https:\/\/www.heathcoat.co.uk\/market-sectors\/sante\/"},"modified":"2026-03-18T12:05:26","modified_gmt":"2026-03-18T12:05:26","slug":"sante","status":"publish","type":"page","link":"https:\/\/www.heathcoat.co.uk\/fr\/market-sectors\/sante\/","title":{"rendered":"Soins de sant\u00e9"},"content":{"rendered":"","protected":false},"excerpt":{"rendered":"","protected":false},"author":3,"featured_media":5659,"parent":8227,"menu_order":0,"comment_status":"closed","ping_status":"closed","template":"","meta":[],"class_list":["post-8899","page","type-page","status-publish","has-post-thumbnail","hentry"],"yoast_head":"<!-- This site is optimized with the Yoast SEO Premium plugin v27.3 (Yoast SEO v27.3) - https:\/\/yoast.com\/product\/yoast-seo-premium-wordpress\/ -->\n<title>Soins de sant\u00e9 | Heathcoat Fabrics<\/title>\n<meta name=\"description\" content=\"Le contr\u00f4le des infections et le confort des patients sont notre priorit\u00e9, gr\u00e2ce \u00e0 des solutions pratiques et innovantes en mati\u00e8re de tissus m\u00e9dicaux.\" \/>\n<meta name=\"robots\" content=\"index, follow, max-snippet:-1, max-image-preview:large, max-video-preview:-1\" \/>\n<link rel=\"canonical\" href=\"https:\/\/www.heathcoat.co.uk\/fr\/market-sectors\/sante\/\" \/>\n<meta property=\"og:locale\" content=\"fr_FR\" \/>\n<meta property=\"og:type\" content=\"article\" \/>\n<meta property=\"og:title\" content=\"Soins de sant\u00e9\" \/>\n<meta property=\"og:description\" content=\"Le contr\u00f4le des infections et le confort des patients sont notre priorit\u00e9, gr\u00e2ce \u00e0 des solutions pratiques et innovantes en mati\u00e8re de tissus m\u00e9dicaux.\" \/>\n<meta property=\"og:url\" content=\"https:\/\/www.heathcoat.co.uk\/fr\/market-sectors\/sante\/\" \/>\n<meta property=\"og:site_name\" content=\"Heathcoat Fabrics\" \/>\n<meta property=\"article:publisher\" content=\"https:\/\/www.facebook.com\/HeathcoatFabric\/\" \/>\n<meta property=\"article:modified_time\" content=\"2026-03-18T12:05:26+00:00\" \/>\n<meta property=\"og:image\" content=\"https:\/\/www.heathcoat.co.uk\/wp-content\/uploads\/2020\/04\/Healthcare-Hospital-Ward.jpg\" \/>\n\t<meta property=\"og:image:width\" content=\"1600\" \/>\n\t<meta property=\"og:image:height\" content=\"782\" \/>\n\t<meta property=\"og:image:type\" content=\"image\/jpeg\" \/>\n<meta name=\"twitter:card\" content=\"summary_large_image\" \/>\n<meta name=\"twitter:site\" content=\"@heathcoatfabric\" \/>\n<!-- \/ Yoast SEO Premium plugin. -->","yoast_head_json":{"title":"Soins de sant\u00e9 | Heathcoat Fabrics","description":"Le contr\u00f4le des infections et le confort des patients sont notre priorit\u00e9, gr\u00e2ce \u00e0 des solutions pratiques et innovantes en mati\u00e8re de tissus m\u00e9dicaux.","robots":{"index":"index","follow":"follow","max-snippet":"max-snippet:-1","max-image-preview":"max-image-preview:large","max-video-preview":"max-video-preview:-1"},"canonical":"https:\/\/www.heathcoat.co.uk\/fr\/market-sectors\/sante\/","og_locale":"fr_FR","og_type":"article","og_title":"Soins de sant\u00e9","og_description":"Le contr\u00f4le des infections et le confort des patients sont notre priorit\u00e9, gr\u00e2ce \u00e0 des solutions pratiques et innovantes en mati\u00e8re de tissus m\u00e9dicaux.","og_url":"https:\/\/www.heathcoat.co.uk\/fr\/market-sectors\/sante\/","og_site_name":"Heathcoat Fabrics","article_publisher":"https:\/\/www.facebook.com\/HeathcoatFabric\/","article_modified_time":"2026-03-18T12:05:26+00:00","og_image":[{"width":1600,"height":782,"url":"https:\/\/www.heathcoat.co.uk\/wp-content\/uploads\/2020\/04\/Healthcare-Hospital-Ward.jpg","type":"image\/jpeg"}],"twitter_card":"summary_large_image","twitter_site":"@heathcoatfabric","schema":{"@context":"https:\/\/schema.org","@graph":[{"@type":"WebPage","@id":"https:\/\/www.heathcoat.co.uk\/fr\/market-sectors\/sante\/","url":"https:\/\/www.heathcoat.co.uk\/fr\/market-sectors\/sante\/","name":"Soins de sant\u00e9 | Heathcoat Fabrics","isPartOf":{"@id":"https:\/\/www.heathcoat.co.uk\/fr\/#website"},"primaryImageOfPage":{"@id":"https:\/\/www.heathcoat.co.uk\/fr\/market-sectors\/sante\/#primaryimage"},"image":{"@id":"https:\/\/www.heathcoat.co.uk\/fr\/market-sectors\/sante\/#primaryimage"},"thumbnailUrl":"https:\/\/www.heathcoat.co.uk\/wp-content\/uploads\/2020\/04\/Healthcare-Hospital-Ward.jpg","datePublished":"2020-11-11T15:09:21+00:00","dateModified":"2026-03-18T12:05:26+00:00","description":"Le contr\u00f4le des infections et le confort des patients sont notre priorit\u00e9, gr\u00e2ce \u00e0 des solutions pratiques et innovantes en mati\u00e8re de tissus m\u00e9dicaux.","breadcrumb":{"@id":"https:\/\/www.heathcoat.co.uk\/fr\/market-sectors\/sante\/#breadcrumb"},"inLanguage":"fr-FR","potentialAction":[{"@type":"ReadAction","target":["https:\/\/www.heathcoat.co.uk\/fr\/market-sectors\/sante\/"]}]},{"@type":"ImageObject","inLanguage":"fr-FR","@id":"https:\/\/www.heathcoat.co.uk\/fr\/market-sectors\/sante\/#primaryimage","url":"https:\/\/www.heathcoat.co.uk\/wp-content\/uploads\/2020\/04\/Healthcare-Hospital-Ward.jpg","contentUrl":"https:\/\/www.heathcoat.co.uk\/wp-content\/uploads\/2020\/04\/Healthcare-Hospital-Ward.jpg","width":1600,"height":782,"caption":"Medical textiles for infection control"},{"@type":"BreadcrumbList","@id":"https:\/\/www.heathcoat.co.uk\/fr\/market-sectors\/sante\/#breadcrumb","itemListElement":[{"@type":"ListItem","position":1,"name":"Home","item":"https:\/\/www.heathcoat.co.uk\/fr\/page-daccueil\/"},{"@type":"ListItem","position":2,"name":"March\u00e9s","item":"https:\/\/www.heathcoat.co.uk\/fr\/market-sectors\/"},{"@type":"ListItem","position":3,"name":"Soins de sant\u00e9"}]},{"@type":"WebSite","@id":"https:\/\/www.heathcoat.co.uk\/fr\/#website","url":"https:\/\/www.heathcoat.co.uk\/fr\/","name":"Heathcoat Fabrics","description":"[:en]Redefining Technical Textiles[:de]Redefining Technical Textiles[:es]Redefining Technical Textiles[:fr]Redefining Technical Textiles[:]","publisher":{"@id":"https:\/\/www.heathcoat.co.uk\/fr\/#organization"},"potentialAction":[{"@type":"SearchAction","target":{"@type":"EntryPoint","urlTemplate":"https:\/\/www.heathcoat.co.uk\/fr\/?s={search_term_string}"},"query-input":{"@type":"PropertyValueSpecification","valueRequired":true,"valueName":"search_term_string"}}],"inLanguage":"fr-FR"},{"@type":"Organization","@id":"https:\/\/www.heathcoat.co.uk\/fr\/#organization","name":"Heathcoat Fabrics Limited","alternateName":"Heathcote","url":"https:\/\/www.heathcoat.co.uk\/fr\/","logo":{"@type":"ImageObject","inLanguage":"fr-FR","@id":"https:\/\/www.heathcoat.co.uk\/fr\/#\/schema\/logo\/image\/","url":"https:\/\/www.heathcoat.co.uk\/wp-content\/uploads\/2020\/09\/heathcoat_logo21cm.jpg","contentUrl":"https:\/\/www.heathcoat.co.uk\/wp-content\/uploads\/2020\/09\/heathcoat_logo21cm.jpg","width":2480,"height":1018,"caption":"Heathcoat Fabrics Limited"},"image":{"@id":"https:\/\/www.heathcoat.co.uk\/fr\/#\/schema\/logo\/image\/"},"sameAs":["https:\/\/www.facebook.com\/HeathcoatFabric\/","https:\/\/x.com\/heathcoatfabric","https:\/\/www.linkedin.com\/company\/heathcoat-fabrics-limited\/","https:\/\/www.youtube.com\/channel\/UCOk5PU6FBjzf356IKOO7MuQ"],"description":"World-class, sustainability-focused technical textile manufacturer of market-leading engineered, industrial and technical apparel fabrics.","email":"info@heathcoat.co.uk","telephone":"+44 1884 254949","legalName":"Heathcoat Fabrics Limited"}]}},"acf":[],"_links":{"self":[{"href":"https:\/\/www.heathcoat.co.uk\/fr\/wp-json\/wp\/v2\/pages\/8899","targetHints":{"allow":["GET"]}}],"collection":[{"href":"https:\/\/www.heathcoat.co.uk\/fr\/wp-json\/wp\/v2\/pages"}],"about":[{"href":"https:\/\/www.heathcoat.co.uk\/fr\/wp-json\/wp\/v2\/types\/page"}],"author":[{"embeddable":true,"href":"https:\/\/www.heathcoat.co.uk\/fr\/wp-json\/wp\/v2\/users\/3"}],"replies":[{"embeddable":true,"href":"https:\/\/www.heathcoat.co.uk\/fr\/wp-json\/wp\/v2\/comments?post=8899"}],"version-history":[{"count":1,"href":"https:\/\/www.heathcoat.co.uk\/fr\/wp-json\/wp\/v2\/pages\/8899\/revisions"}],"predecessor-version":[{"id":42199,"href":"https:\/\/www.heathcoat.co.uk\/fr\/wp-json\/wp\/v2\/pages\/8899\/revisions\/42199"}],"up":[{"embeddable":true,"href":"https:\/\/www.heathcoat.co.uk\/fr\/wp-json\/wp\/v2\/pages\/8227"}],"wp:featuredmedia":[{"embeddable":true,"href":"https:\/\/www.heathcoat.co.uk\/fr\/wp-json\/wp\/v2\/media\/5659"}],"wp:attachment":[{"href":"https:\/\/www.heathcoat.co.uk\/fr\/wp-json\/wp\/v2\/media?parent=8899"}],"curies":[{"name":"wp","href":"https:\/\/api.w.org\/{rel}","templated":true}]}}