{"id":7610,"date":"2020-09-14T11:36:34","date_gmt":"2020-09-14T10:36:34","guid":{"rendered":"https:\/\/www.heathcoat.co.uk\/durabilite\/"},"modified":"2020-12-04T16:27:18","modified_gmt":"2020-12-04T16:27:18","slug":"durabilite","status":"publish","type":"page","link":"https:\/\/www.heathcoat.co.uk\/fr\/durabilite\/","title":{"rendered":"Durabilit\u00e9"},"content":{"rendered":"<div class=\"core-block core-block-generic\"><div><p><br data-mce-bogus=\"1\"><\/p>\n<\/div><\/div>","protected":false},"excerpt":{"rendered":"","protected":false},"author":1,"featured_media":9558,"parent":0,"menu_order":0,"comment_status":"closed","ping_status":"closed","template":"","meta":[],"class_list":["post-7610","page","type-page","status-publish","has-post-thumbnail","hentry"],"yoast_head":"<!-- This site is optimized with the Yoast SEO Premium plugin v27.3 (Yoast SEO v27.4) - https:\/\/yoast.com\/product\/yoast-seo-premium-wordpress\/ -->\n<title>Durabilit\u00e9 | Heathcoat Fabrics<\/title>\n<meta name=\"description\" content=\"Heathcoat Fabrics promeut une culture o\u00f9 la durabilit\u00e9 transpara\u00eet dans tout ce que nous faisons; nous croyons en une gestion prudente de l&#039;\u00e9nergie, des d\u00e9chets, des produits chimiques et des ressources naturelles.\" \/>\n<meta name=\"robots\" content=\"index, follow, max-snippet:-1, max-image-preview:large, max-video-preview:-1\" \/>\n<link rel=\"canonical\" href=\"https:\/\/www.heathcoat.co.uk\/fr\/durabilite\/\" \/>\n<meta property=\"og:locale\" content=\"fr_FR\" \/>\n<meta property=\"og:type\" content=\"article\" \/>\n<meta property=\"og:title\" content=\"Durabilit\u00e9\" \/>\n<meta property=\"og:description\" content=\"Heathcoat Fabrics promeut une culture o\u00f9 la durabilit\u00e9 transpara\u00eet dans tout ce que nous faisons; nous croyons en une gestion prudente de l&#039;\u00e9nergie, des d\u00e9chets, des produits chimiques et des ressources naturelles.\" \/>\n<meta property=\"og:url\" content=\"https:\/\/www.heathcoat.co.uk\/fr\/durabilite\/\" \/>\n<meta property=\"og:site_name\" content=\"Heathcoat Fabrics\" \/>\n<meta property=\"article:publisher\" content=\"https:\/\/www.facebook.com\/HeathcoatFabric\/\" \/>\n<meta property=\"article:modified_time\" content=\"2020-12-04T16:27:18+00:00\" \/>\n<meta property=\"og:image\" content=\"https:\/\/www.heathcoat.co.uk\/wp-content\/uploads\/2020\/12\/renewables_winter.jpg\" \/>\n\t<meta property=\"og:image:width\" content=\"1800\" \/>\n\t<meta property=\"og:image:height\" content=\"892\" \/>\n\t<meta property=\"og:image:type\" content=\"image\/jpeg\" \/>\n<meta name=\"twitter:card\" content=\"summary_large_image\" \/>\n<meta name=\"twitter:site\" content=\"@heathcoatfabric\" \/>\n<!-- \/ Yoast SEO Premium plugin. -->","yoast_head_json":{"title":"Durabilit\u00e9 | Heathcoat Fabrics","description":"Heathcoat Fabrics promeut une culture o\u00f9 la durabilit\u00e9 transpara\u00eet dans tout ce que nous faisons; nous croyons en une gestion prudente de l'\u00e9nergie, des d\u00e9chets, des produits chimiques et des ressources naturelles.","robots":{"index":"index","follow":"follow","max-snippet":"max-snippet:-1","max-image-preview":"max-image-preview:large","max-video-preview":"max-video-preview:-1"},"canonical":"https:\/\/www.heathcoat.co.uk\/fr\/durabilite\/","og_locale":"fr_FR","og_type":"article","og_title":"Durabilit\u00e9","og_description":"Heathcoat Fabrics promeut une culture o\u00f9 la durabilit\u00e9 transpara\u00eet dans tout ce que nous faisons; nous croyons en une gestion prudente de l'\u00e9nergie, des d\u00e9chets, des produits chimiques et des ressources naturelles.","og_url":"https:\/\/www.heathcoat.co.uk\/fr\/durabilite\/","og_site_name":"Heathcoat Fabrics","article_publisher":"https:\/\/www.facebook.com\/HeathcoatFabric\/","article_modified_time":"2020-12-04T16:27:18+00:00","og_image":[{"width":1800,"height":892,"url":"https:\/\/www.heathcoat.co.uk\/wp-content\/uploads\/2020\/12\/renewables_winter.jpg","type":"image\/jpeg"}],"twitter_card":"summary_large_image","twitter_site":"@heathcoatfabric","schema":{"@context":"https:\/\/schema.org","@graph":[{"@type":"WebPage","@id":"https:\/\/www.heathcoat.co.uk\/fr\/durabilite\/","url":"https:\/\/www.heathcoat.co.uk\/fr\/durabilite\/","name":"Durabilit\u00e9 | Heathcoat Fabrics","isPartOf":{"@id":"https:\/\/www.heathcoat.co.uk\/fr\/#website"},"primaryImageOfPage":{"@id":"https:\/\/www.heathcoat.co.uk\/fr\/durabilite\/#primaryimage"},"image":{"@id":"https:\/\/www.heathcoat.co.uk\/fr\/durabilite\/#primaryimage"},"thumbnailUrl":"https:\/\/www.heathcoat.co.uk\/wp-content\/uploads\/2020\/12\/renewables_winter.jpg","datePublished":"2020-09-14T10:36:34+00:00","dateModified":"2020-12-04T16:27:18+00:00","description":"Heathcoat Fabrics promeut une culture o\u00f9 la durabilit\u00e9 transpara\u00eet dans tout ce que nous faisons; nous croyons en une gestion prudente de l'\u00e9nergie, des d\u00e9chets, des produits chimiques et des ressources naturelles.","breadcrumb":{"@id":"https:\/\/www.heathcoat.co.uk\/fr\/durabilite\/#breadcrumb"},"inLanguage":"fr-FR","potentialAction":[{"@type":"ReadAction","target":["https:\/\/www.heathcoat.co.uk\/fr\/durabilite\/"]}]},{"@type":"ImageObject","inLanguage":"fr-FR","@id":"https:\/\/www.heathcoat.co.uk\/fr\/durabilite\/#primaryimage","url":"https:\/\/www.heathcoat.co.uk\/wp-content\/uploads\/2020\/12\/renewables_winter.jpg","contentUrl":"https:\/\/www.heathcoat.co.uk\/wp-content\/uploads\/2020\/12\/renewables_winter.jpg","width":1800,"height":892,"caption":"renewable energy sources"},{"@type":"BreadcrumbList","@id":"https:\/\/www.heathcoat.co.uk\/fr\/durabilite\/#breadcrumb","itemListElement":[{"@type":"ListItem","position":1,"name":"Home","item":"https:\/\/www.heathcoat.co.uk\/fr\/page-daccueil\/"},{"@type":"ListItem","position":2,"name":"Durabilit\u00e9"}]},{"@type":"WebSite","@id":"https:\/\/www.heathcoat.co.uk\/fr\/#website","url":"https:\/\/www.heathcoat.co.uk\/fr\/","name":"Heathcoat Fabrics","description":"[:en]Redefining Technical Textiles[:de]Redefining Technical Textiles[:es]Redefining Technical Textiles[:fr]Redefining Technical Textiles[:]","publisher":{"@id":"https:\/\/www.heathcoat.co.uk\/fr\/#organization"},"potentialAction":[{"@type":"SearchAction","target":{"@type":"EntryPoint","urlTemplate":"https:\/\/www.heathcoat.co.uk\/fr\/?s={search_term_string}"},"query-input":{"@type":"PropertyValueSpecification","valueRequired":true,"valueName":"search_term_string"}}],"inLanguage":"fr-FR"},{"@type":"Organization","@id":"https:\/\/www.heathcoat.co.uk\/fr\/#organization","name":"Heathcoat Fabrics Limited","alternateName":"Heathcote","url":"https:\/\/www.heathcoat.co.uk\/fr\/","logo":{"@type":"ImageObject","inLanguage":"fr-FR","@id":"https:\/\/www.heathcoat.co.uk\/fr\/#\/schema\/logo\/image\/","url":"https:\/\/www.heathcoat.co.uk\/wp-content\/uploads\/2020\/09\/heathcoat_logo21cm.jpg","contentUrl":"https:\/\/www.heathcoat.co.uk\/wp-content\/uploads\/2020\/09\/heathcoat_logo21cm.jpg","width":2480,"height":1018,"caption":"Heathcoat Fabrics Limited"},"image":{"@id":"https:\/\/www.heathcoat.co.uk\/fr\/#\/schema\/logo\/image\/"},"sameAs":["https:\/\/www.facebook.com\/HeathcoatFabric\/","https:\/\/x.com\/heathcoatfabric","https:\/\/www.linkedin.com\/company\/heathcoat-fabrics-limited\/","https:\/\/www.youtube.com\/channel\/UCOk5PU6FBjzf356IKOO7MuQ"],"description":"World-class, sustainability-focused technical textile manufacturer of market-leading engineered, industrial and technical apparel fabrics.","email":"info@heathcoat.co.uk","telephone":"+44 1884 254949","legalName":"Heathcoat Fabrics Limited"}]}},"acf":[],"_links":{"self":[{"href":"https:\/\/www.heathcoat.co.uk\/fr\/wp-json\/wp\/v2\/pages\/7610","targetHints":{"allow":["GET"]}}],"collection":[{"href":"https:\/\/www.heathcoat.co.uk\/fr\/wp-json\/wp\/v2\/pages"}],"about":[{"href":"https:\/\/www.heathcoat.co.uk\/fr\/wp-json\/wp\/v2\/types\/page"}],"author":[{"embeddable":true,"href":"https:\/\/www.heathcoat.co.uk\/fr\/wp-json\/wp\/v2\/users\/1"}],"replies":[{"embeddable":true,"href":"https:\/\/www.heathcoat.co.uk\/fr\/wp-json\/wp\/v2\/comments?post=7610"}],"version-history":[{"count":2,"href":"https:\/\/www.heathcoat.co.uk\/fr\/wp-json\/wp\/v2\/pages\/7610\/revisions"}],"predecessor-version":[{"id":9381,"href":"https:\/\/www.heathcoat.co.uk\/fr\/wp-json\/wp\/v2\/pages\/7610\/revisions\/9381"}],"wp:featuredmedia":[{"embeddable":true,"href":"https:\/\/www.heathcoat.co.uk\/fr\/wp-json\/wp\/v2\/media\/9558"}],"wp:attachment":[{"href":"https:\/\/www.heathcoat.co.uk\/fr\/wp-json\/wp\/v2\/media?parent=7610"}],"curies":[{"name":"wp","href":"https:\/\/api.w.org\/{rel}","templated":true}]}}