{"id":5278,"date":"2020-03-10T12:36:00","date_gmt":"2020-03-10T12:36:00","guid":{"rendered":"https:\/\/www.heathcoat.co.uk\/?page_id=5278"},"modified":"2026-03-18T12:08:14","modified_gmt":"2026-03-18T12:08:14","slug":"contact","status":"publish","type":"page","link":"https:\/\/www.heathcoat.co.uk\/fr\/contact\/","title":{"rendered":"Contact"},"content":{"rendered":"","protected":false},"excerpt":{"rendered":"","protected":false},"author":1,"featured_media":3389,"parent":0,"menu_order":0,"comment_status":"closed","ping_status":"closed","template":"","meta":[],"class_list":["post-5278","page","type-page","status-publish","has-post-thumbnail","hentry"],"yoast_head":"<!-- This site is optimized with the Yoast SEO Premium plugin v27.3 (Yoast SEO v27.4) - https:\/\/yoast.com\/product\/yoast-seo-premium-wordpress\/ -->\n<title>Contact | Heathcoat Fabrics<\/title>\n<meta name=\"description\" content=\"Contactez-nous d\u00e8s aujourd\u2019hui et d\u00e9couvrez pourquoi nous sommes le premier fabricant europ\u00e9en et comment notre approche de la red\u00e9finition des textiles techniques peut vous aider.\" \/>\n<meta name=\"robots\" content=\"index, follow, max-snippet:-1, max-image-preview:large, max-video-preview:-1\" \/>\n<link rel=\"canonical\" href=\"https:\/\/www.heathcoat.co.uk\/fr\/contact\/\" \/>\n<meta property=\"og:locale\" content=\"fr_FR\" \/>\n<meta property=\"og:type\" content=\"article\" \/>\n<meta property=\"og:title\" content=\"Contact\" \/>\n<meta property=\"og:description\" content=\"Contactez-nous d\u00e8s aujourd\u2019hui et d\u00e9couvrez pourquoi nous sommes le premier fabricant europ\u00e9en et comment notre approche de la red\u00e9finition des textiles techniques peut vous aider.\" \/>\n<meta property=\"og:url\" content=\"https:\/\/www.heathcoat.co.uk\/fr\/contact\/\" \/>\n<meta property=\"og:site_name\" content=\"Heathcoat Fabrics\" \/>\n<meta property=\"article:publisher\" content=\"https:\/\/www.facebook.com\/HeathcoatFabric\/\" \/>\n<meta property=\"article:modified_time\" content=\"2026-03-18T12:08:14+00:00\" \/>\n<meta property=\"og:image\" content=\"https:\/\/www.heathcoat.co.uk\/wp-content\/uploads\/2019\/04\/contact.jpg\" \/>\n\t<meta property=\"og:image:width\" content=\"1750\" \/>\n\t<meta property=\"og:image:height\" content=\"1118\" \/>\n\t<meta property=\"og:image:type\" content=\"image\/jpeg\" \/>\n<meta name=\"twitter:card\" content=\"summary_large_image\" \/>\n<meta name=\"twitter:site\" content=\"@heathcoatfabric\" \/>\n<!-- \/ Yoast SEO Premium plugin. -->","yoast_head_json":{"title":"Contact | Heathcoat Fabrics","description":"Contactez-nous d\u00e8s aujourd\u2019hui et d\u00e9couvrez pourquoi nous sommes le premier fabricant europ\u00e9en et comment notre approche de la red\u00e9finition des textiles techniques peut vous aider.","robots":{"index":"index","follow":"follow","max-snippet":"max-snippet:-1","max-image-preview":"max-image-preview:large","max-video-preview":"max-video-preview:-1"},"canonical":"https:\/\/www.heathcoat.co.uk\/fr\/contact\/","og_locale":"fr_FR","og_type":"article","og_title":"Contact","og_description":"Contactez-nous d\u00e8s aujourd\u2019hui et d\u00e9couvrez pourquoi nous sommes le premier fabricant europ\u00e9en et comment notre approche de la red\u00e9finition des textiles techniques peut vous aider.","og_url":"https:\/\/www.heathcoat.co.uk\/fr\/contact\/","og_site_name":"Heathcoat Fabrics","article_publisher":"https:\/\/www.facebook.com\/HeathcoatFabric\/","article_modified_time":"2026-03-18T12:08:14+00:00","og_image":[{"width":1750,"height":1118,"url":"https:\/\/www.heathcoat.co.uk\/wp-content\/uploads\/2019\/04\/contact.jpg","type":"image\/jpeg"}],"twitter_card":"summary_large_image","twitter_site":"@heathcoatfabric","schema":{"@context":"https:\/\/schema.org","@graph":[{"@type":"WebPage","@id":"https:\/\/www.heathcoat.co.uk\/fr\/contact\/","url":"https:\/\/www.heathcoat.co.uk\/fr\/contact\/","name":"Contact | Heathcoat Fabrics","isPartOf":{"@id":"https:\/\/www.heathcoat.co.uk\/fr\/#website"},"primaryImageOfPage":{"@id":"https:\/\/www.heathcoat.co.uk\/fr\/contact\/#primaryimage"},"image":{"@id":"https:\/\/www.heathcoat.co.uk\/fr\/contact\/#primaryimage"},"thumbnailUrl":"https:\/\/www.heathcoat.co.uk\/wp-content\/uploads\/2019\/04\/contact.jpg","datePublished":"2020-03-10T12:36:00+00:00","dateModified":"2026-03-18T12:08:14+00:00","description":"Contactez-nous d\u00e8s aujourd\u2019hui et d\u00e9couvrez pourquoi nous sommes le premier fabricant europ\u00e9en et comment notre approche de la red\u00e9finition des textiles techniques peut vous aider.","breadcrumb":{"@id":"https:\/\/www.heathcoat.co.uk\/fr\/contact\/#breadcrumb"},"inLanguage":"fr-FR","potentialAction":[{"@type":"ReadAction","target":["https:\/\/www.heathcoat.co.uk\/fr\/contact\/"]}]},{"@type":"ImageObject","inLanguage":"fr-FR","@id":"https:\/\/www.heathcoat.co.uk\/fr\/contact\/#primaryimage","url":"https:\/\/www.heathcoat.co.uk\/wp-content\/uploads\/2019\/04\/contact.jpg","contentUrl":"https:\/\/www.heathcoat.co.uk\/wp-content\/uploads\/2019\/04\/contact.jpg","width":1750,"height":1118},{"@type":"BreadcrumbList","@id":"https:\/\/www.heathcoat.co.uk\/fr\/contact\/#breadcrumb","itemListElement":[{"@type":"ListItem","position":1,"name":"Home","item":"https:\/\/www.heathcoat.co.uk\/fr\/page-daccueil\/"},{"@type":"ListItem","position":2,"name":"Contact"}]},{"@type":"WebSite","@id":"https:\/\/www.heathcoat.co.uk\/fr\/#website","url":"https:\/\/www.heathcoat.co.uk\/fr\/","name":"Heathcoat Fabrics","description":"[:en]Redefining Technical Textiles[:de]Redefining Technical Textiles[:es]Redefining Technical Textiles[:fr]Redefining Technical Textiles[:]","publisher":{"@id":"https:\/\/www.heathcoat.co.uk\/fr\/#organization"},"potentialAction":[{"@type":"SearchAction","target":{"@type":"EntryPoint","urlTemplate":"https:\/\/www.heathcoat.co.uk\/fr\/?s={search_term_string}"},"query-input":{"@type":"PropertyValueSpecification","valueRequired":true,"valueName":"search_term_string"}}],"inLanguage":"fr-FR"},{"@type":"Organization","@id":"https:\/\/www.heathcoat.co.uk\/fr\/#organization","name":"Heathcoat Fabrics Limited","alternateName":"Heathcote","url":"https:\/\/www.heathcoat.co.uk\/fr\/","logo":{"@type":"ImageObject","inLanguage":"fr-FR","@id":"https:\/\/www.heathcoat.co.uk\/fr\/#\/schema\/logo\/image\/","url":"https:\/\/www.heathcoat.co.uk\/wp-content\/uploads\/2020\/09\/heathcoat_logo21cm.jpg","contentUrl":"https:\/\/www.heathcoat.co.uk\/wp-content\/uploads\/2020\/09\/heathcoat_logo21cm.jpg","width":2480,"height":1018,"caption":"Heathcoat Fabrics Limited"},"image":{"@id":"https:\/\/www.heathcoat.co.uk\/fr\/#\/schema\/logo\/image\/"},"sameAs":["https:\/\/www.facebook.com\/HeathcoatFabric\/","https:\/\/x.com\/heathcoatfabric","https:\/\/www.linkedin.com\/company\/heathcoat-fabrics-limited\/","https:\/\/www.youtube.com\/channel\/UCOk5PU6FBjzf356IKOO7MuQ"],"description":"World-class, sustainability-focused technical textile manufacturer of market-leading engineered, industrial and technical apparel fabrics.","email":"info@heathcoat.co.uk","telephone":"+44 1884 254949","legalName":"Heathcoat Fabrics Limited"}]}},"acf":[],"_links":{"self":[{"href":"https:\/\/www.heathcoat.co.uk\/fr\/wp-json\/wp\/v2\/pages\/5278","targetHints":{"allow":["GET"]}}],"collection":[{"href":"https:\/\/www.heathcoat.co.uk\/fr\/wp-json\/wp\/v2\/pages"}],"about":[{"href":"https:\/\/www.heathcoat.co.uk\/fr\/wp-json\/wp\/v2\/types\/page"}],"author":[{"embeddable":true,"href":"https:\/\/www.heathcoat.co.uk\/fr\/wp-json\/wp\/v2\/users\/1"}],"replies":[{"embeddable":true,"href":"https:\/\/www.heathcoat.co.uk\/fr\/wp-json\/wp\/v2\/comments?post=5278"}],"version-history":[{"count":2,"href":"https:\/\/www.heathcoat.co.uk\/fr\/wp-json\/wp\/v2\/pages\/5278\/revisions"}],"predecessor-version":[{"id":5280,"href":"https:\/\/www.heathcoat.co.uk\/fr\/wp-json\/wp\/v2\/pages\/5278\/revisions\/5280"}],"wp:featuredmedia":[{"embeddable":true,"href":"https:\/\/www.heathcoat.co.uk\/fr\/wp-json\/wp\/v2\/media\/3389"}],"wp:attachment":[{"href":"https:\/\/www.heathcoat.co.uk\/fr\/wp-json\/wp\/v2\/media?parent=5278"}],"curies":[{"name":"wp","href":"https:\/\/api.w.org\/{rel}","templated":true}]}}