{"id":37421,"date":"2025-04-09T15:45:07","date_gmt":"2025-04-09T14:45:07","guid":{"rendered":"https:\/\/www.heathcoat.co.uk\/market-sectors\/composites\/"},"modified":"2025-04-09T15:45:07","modified_gmt":"2025-04-09T14:45:07","slug":"composites","status":"publish","type":"page","link":"https:\/\/www.heathcoat.co.uk\/fr\/market-sectors\/composites\/","title":{"rendered":"Composites"},"content":{"rendered":"","protected":false},"excerpt":{"rendered":"","protected":false},"author":1,"featured_media":34870,"parent":8227,"menu_order":0,"comment_status":"closed","ping_status":"closed","template":"","meta":[],"class_list":["post-37421","page","type-page","status-publish","has-post-thumbnail","hentry"],"yoast_head":"<!-- This site is optimized with the Yoast SEO Premium plugin v27.5 (Yoast SEO v27.5) - https:\/\/yoast.com\/product\/yoast-seo-premium-wordpress\/ -->\n<title>Composites | Heathcoat Fabrics<\/title>\n<meta name=\"description\" content=\"Textiles avanc\u00e9s tiss\u00e9s et tricot\u00e9s en cha\u00eene con\u00e7us pour une vari\u00e9t\u00e9 d&#039;applications composites l\u00e9g\u00e8res et durables.\" \/>\n<meta name=\"robots\" content=\"index, follow, max-snippet:-1, max-image-preview:large, max-video-preview:-1\" \/>\n<link rel=\"canonical\" href=\"https:\/\/www.heathcoat.co.uk\/fr\/market-sectors\/composites\/\" \/>\n<meta property=\"og:locale\" content=\"fr_FR\" \/>\n<meta property=\"og:type\" content=\"article\" \/>\n<meta property=\"og:title\" content=\"Composites\" \/>\n<meta property=\"og:description\" content=\"Textiles avanc\u00e9s tiss\u00e9s et tricot\u00e9s en cha\u00eene con\u00e7us pour une vari\u00e9t\u00e9 d&#039;applications composites l\u00e9g\u00e8res et durables.\" \/>\n<meta property=\"og:url\" content=\"https:\/\/www.heathcoat.co.uk\/fr\/market-sectors\/composites\/\" \/>\n<meta property=\"og:site_name\" content=\"Heathcoat Fabrics\" \/>\n<meta property=\"article:publisher\" content=\"https:\/\/www.facebook.com\/HeathcoatFabric\/\" \/>\n<meta property=\"og:image\" content=\"https:\/\/www.heathcoat.co.uk\/wp-content\/uploads\/2024\/10\/Airplane-factory-NEW-1024x576.png\" \/>\n\t<meta property=\"og:image:width\" content=\"1024\" \/>\n\t<meta property=\"og:image:height\" content=\"576\" \/>\n\t<meta property=\"og:image:type\" content=\"image\/png\" \/>\n<meta name=\"twitter:card\" content=\"summary_large_image\" \/>\n<meta name=\"twitter:site\" content=\"@heathcoatfabric\" \/>\n<!-- \/ Yoast SEO Premium plugin. -->","yoast_head_json":{"title":"Composites | Heathcoat Fabrics","description":"Textiles avanc\u00e9s tiss\u00e9s et tricot\u00e9s en cha\u00eene con\u00e7us pour une vari\u00e9t\u00e9 d'applications composites l\u00e9g\u00e8res et durables.","robots":{"index":"index","follow":"follow","max-snippet":"max-snippet:-1","max-image-preview":"max-image-preview:large","max-video-preview":"max-video-preview:-1"},"canonical":"https:\/\/www.heathcoat.co.uk\/fr\/market-sectors\/composites\/","og_locale":"fr_FR","og_type":"article","og_title":"Composites","og_description":"Textiles avanc\u00e9s tiss\u00e9s et tricot\u00e9s en cha\u00eene con\u00e7us pour une vari\u00e9t\u00e9 d'applications composites l\u00e9g\u00e8res et durables.","og_url":"https:\/\/www.heathcoat.co.uk\/fr\/market-sectors\/composites\/","og_site_name":"Heathcoat Fabrics","article_publisher":"https:\/\/www.facebook.com\/HeathcoatFabric\/","og_image":[{"width":1024,"height":576,"url":"https:\/\/www.heathcoat.co.uk\/wp-content\/uploads\/2024\/10\/Airplane-factory-NEW-1024x576.png","type":"image\/png"}],"twitter_card":"summary_large_image","twitter_site":"@heathcoatfabric","schema":{"@context":"https:\/\/schema.org","@graph":[{"@type":"WebPage","@id":"https:\/\/www.heathcoat.co.uk\/fr\/market-sectors\/composites\/","url":"https:\/\/www.heathcoat.co.uk\/fr\/market-sectors\/composites\/","name":"Composites | Heathcoat Fabrics","isPartOf":{"@id":"https:\/\/www.heathcoat.co.uk\/fr\/#website"},"primaryImageOfPage":{"@id":"https:\/\/www.heathcoat.co.uk\/fr\/market-sectors\/composites\/#primaryimage"},"image":{"@id":"https:\/\/www.heathcoat.co.uk\/fr\/market-sectors\/composites\/#primaryimage"},"thumbnailUrl":"https:\/\/www.heathcoat.co.uk\/wp-content\/uploads\/2024\/10\/Airplane-factory-NEW.png","datePublished":"2025-04-09T14:45:07+00:00","description":"Textiles avanc\u00e9s tiss\u00e9s et tricot\u00e9s en cha\u00eene con\u00e7us pour une vari\u00e9t\u00e9 d'applications composites l\u00e9g\u00e8res et durables.","breadcrumb":{"@id":"https:\/\/www.heathcoat.co.uk\/fr\/market-sectors\/composites\/#breadcrumb"},"inLanguage":"fr-FR","potentialAction":[{"@type":"ReadAction","target":["https:\/\/www.heathcoat.co.uk\/fr\/market-sectors\/composites\/"]}]},{"@type":"ImageObject","inLanguage":"fr-FR","@id":"https:\/\/www.heathcoat.co.uk\/fr\/market-sectors\/composites\/#primaryimage","url":"https:\/\/www.heathcoat.co.uk\/wp-content\/uploads\/2024\/10\/Airplane-factory-NEW.png","contentUrl":"https:\/\/www.heathcoat.co.uk\/wp-content\/uploads\/2024\/10\/Airplane-factory-NEW.png","width":3840,"height":2160,"caption":"Composite materials in Aerospace"},{"@type":"BreadcrumbList","@id":"https:\/\/www.heathcoat.co.uk\/fr\/market-sectors\/composites\/#breadcrumb","itemListElement":[{"@type":"ListItem","position":1,"name":"Home","item":"https:\/\/www.heathcoat.co.uk\/fr\/page-daccueil\/"},{"@type":"ListItem","position":2,"name":"March\u00e9s","item":"https:\/\/www.heathcoat.co.uk\/fr\/market-sectors\/"},{"@type":"ListItem","position":3,"name":"Composites"}]},{"@type":"WebSite","@id":"https:\/\/www.heathcoat.co.uk\/fr\/#website","url":"https:\/\/www.heathcoat.co.uk\/fr\/","name":"Heathcoat Fabrics","description":"[:en]Redefining Technical Textiles[:de]Redefining Technical Textiles[:es]Redefining Technical Textiles[:fr]Redefining Technical Textiles[:]","publisher":{"@id":"https:\/\/www.heathcoat.co.uk\/fr\/#organization"},"potentialAction":[{"@type":"SearchAction","target":{"@type":"EntryPoint","urlTemplate":"https:\/\/www.heathcoat.co.uk\/fr\/?s={search_term_string}"},"query-input":{"@type":"PropertyValueSpecification","valueRequired":true,"valueName":"search_term_string"}}],"inLanguage":"fr-FR"},{"@type":"Organization","@id":"https:\/\/www.heathcoat.co.uk\/fr\/#organization","name":"Heathcoat Fabrics Limited","alternateName":"Heathcote","url":"https:\/\/www.heathcoat.co.uk\/fr\/","logo":{"@type":"ImageObject","inLanguage":"fr-FR","@id":"https:\/\/www.heathcoat.co.uk\/fr\/#\/schema\/logo\/image\/","url":"https:\/\/www.heathcoat.co.uk\/wp-content\/uploads\/2020\/09\/heathcoat_logo21cm.jpg","contentUrl":"https:\/\/www.heathcoat.co.uk\/wp-content\/uploads\/2020\/09\/heathcoat_logo21cm.jpg","width":2480,"height":1018,"caption":"Heathcoat Fabrics Limited"},"image":{"@id":"https:\/\/www.heathcoat.co.uk\/fr\/#\/schema\/logo\/image\/"},"sameAs":["https:\/\/www.facebook.com\/HeathcoatFabric\/","https:\/\/x.com\/heathcoatfabric","https:\/\/www.linkedin.com\/company\/heathcoat-fabrics-limited\/","https:\/\/www.youtube.com\/channel\/UCOk5PU6FBjzf356IKOO7MuQ"],"description":"World-class, sustainability-focused technical textile manufacturer of market-leading engineered, industrial and technical apparel fabrics.","email":"info@heathcoat.co.uk","telephone":"+44 1884 254949","legalName":"Heathcoat Fabrics Limited"}]}},"acf":[],"_links":{"self":[{"href":"https:\/\/www.heathcoat.co.uk\/fr\/wp-json\/wp\/v2\/pages\/37421","targetHints":{"allow":["GET"]}}],"collection":[{"href":"https:\/\/www.heathcoat.co.uk\/fr\/wp-json\/wp\/v2\/pages"}],"about":[{"href":"https:\/\/www.heathcoat.co.uk\/fr\/wp-json\/wp\/v2\/types\/page"}],"author":[{"embeddable":true,"href":"https:\/\/www.heathcoat.co.uk\/fr\/wp-json\/wp\/v2\/users\/1"}],"replies":[{"embeddable":true,"href":"https:\/\/www.heathcoat.co.uk\/fr\/wp-json\/wp\/v2\/comments?post=37421"}],"version-history":[{"count":0,"href":"https:\/\/www.heathcoat.co.uk\/fr\/wp-json\/wp\/v2\/pages\/37421\/revisions"}],"up":[{"embeddable":true,"href":"https:\/\/www.heathcoat.co.uk\/fr\/wp-json\/wp\/v2\/pages\/8227"}],"wp:featuredmedia":[{"embeddable":true,"href":"https:\/\/www.heathcoat.co.uk\/fr\/wp-json\/wp\/v2\/media\/34870"}],"wp:attachment":[{"href":"https:\/\/www.heathcoat.co.uk\/fr\/wp-json\/wp\/v2\/media?parent=37421"}],"curies":[{"name":"wp","href":"https:\/\/api.w.org\/{rel}","templated":true}]}}