{"id":11246,"date":"2021-03-02T16:48:32","date_gmt":"2021-03-02T16:48:32","guid":{"rendered":"https:\/\/www.heathcoat.co.uk\/?page_id=11246"},"modified":"2021-06-02T11:21:29","modified_gmt":"2021-06-02T10:21:29","slug":"epi-lutte-contre-les-incendies-2","status":"publish","type":"page","link":"https:\/\/www.heathcoat.co.uk\/fr\/market-sectors\/epi-lutte-contre-les-incendies-2\/","title":{"rendered":"Lutte contre les incendies \/ EPI"},"content":{"rendered":"","protected":false},"excerpt":{"rendered":"","protected":false},"author":3,"featured_media":3479,"parent":8227,"menu_order":0,"comment_status":"closed","ping_status":"closed","template":"","meta":[],"class_list":["post-11246","page","type-page","status-publish","has-post-thumbnail","hentry"],"yoast_head":"<!-- This site is optimized with the Yoast SEO Premium plugin v27.3 (Yoast SEO v27.3) - https:\/\/yoast.com\/product\/yoast-seo-premium-wordpress\/ -->\n<title>Lutte contre les incendies \/ EPI | Heathcoat Fabrics<\/title>\n<meta name=\"description\" content=\"Le leader des tissus pour EPI, des sous-v\u00eatements r\u00e9sistants aux flammes et des cagoules anti-particules destin\u00e9s aux pompiers\u00a0\u2013 des performances sup\u00e9rieures au c\u0153ur du concept de protection.\" \/>\n<meta name=\"robots\" content=\"index, follow, max-snippet:-1, max-image-preview:large, max-video-preview:-1\" \/>\n<link rel=\"canonical\" href=\"https:\/\/www.heathcoat.co.uk\/fr\/market-sectors\/epi-lutte-contre-les-incendies-2\/\" \/>\n<meta property=\"og:locale\" content=\"fr_FR\" \/>\n<meta property=\"og:type\" content=\"article\" \/>\n<meta property=\"og:title\" content=\"Lutte contre les incendies \/ EPI\" \/>\n<meta property=\"og:description\" content=\"Le leader des tissus pour EPI, des sous-v\u00eatements r\u00e9sistants aux flammes et des cagoules anti-particules destin\u00e9s aux pompiers\u00a0\u2013 des performances sup\u00e9rieures au c\u0153ur du concept de protection.\" \/>\n<meta property=\"og:url\" content=\"https:\/\/www.heathcoat.co.uk\/fr\/market-sectors\/epi-lutte-contre-les-incendies-2\/\" \/>\n<meta property=\"og:site_name\" content=\"Heathcoat Fabrics\" \/>\n<meta property=\"article:publisher\" content=\"https:\/\/www.facebook.com\/HeathcoatFabric\/\" \/>\n<meta property=\"article:modified_time\" content=\"2021-06-02T10:21:29+00:00\" \/>\n<meta property=\"og:image\" content=\"https:\/\/www.heathcoat.co.uk\/wp-content\/uploads\/2019\/04\/45153425.jpg\" \/>\n\t<meta property=\"og:image:width\" content=\"1600\" \/>\n\t<meta property=\"og:image:height\" content=\"1083\" \/>\n\t<meta property=\"og:image:type\" content=\"image\/jpeg\" \/>\n<meta name=\"twitter:card\" content=\"summary_large_image\" \/>\n<meta name=\"twitter:site\" content=\"@heathcoatfabric\" \/>\n<!-- \/ Yoast SEO Premium plugin. -->","yoast_head_json":{"title":"Lutte contre les incendies \/ EPI | Heathcoat Fabrics","description":"Le leader des tissus pour EPI, des sous-v\u00eatements r\u00e9sistants aux flammes et des cagoules anti-particules destin\u00e9s aux pompiers\u00a0\u2013 des performances sup\u00e9rieures au c\u0153ur du concept de protection.","robots":{"index":"index","follow":"follow","max-snippet":"max-snippet:-1","max-image-preview":"max-image-preview:large","max-video-preview":"max-video-preview:-1"},"canonical":"https:\/\/www.heathcoat.co.uk\/fr\/market-sectors\/epi-lutte-contre-les-incendies-2\/","og_locale":"fr_FR","og_type":"article","og_title":"Lutte contre les incendies \/ EPI","og_description":"Le leader des tissus pour EPI, des sous-v\u00eatements r\u00e9sistants aux flammes et des cagoules anti-particules destin\u00e9s aux pompiers\u00a0\u2013 des performances sup\u00e9rieures au c\u0153ur du concept de protection.","og_url":"https:\/\/www.heathcoat.co.uk\/fr\/market-sectors\/epi-lutte-contre-les-incendies-2\/","og_site_name":"Heathcoat Fabrics","article_publisher":"https:\/\/www.facebook.com\/HeathcoatFabric\/","article_modified_time":"2021-06-02T10:21:29+00:00","og_image":[{"width":1600,"height":1083,"url":"https:\/\/www.heathcoat.co.uk\/wp-content\/uploads\/2019\/04\/45153425.jpg","type":"image\/jpeg"}],"twitter_card":"summary_large_image","twitter_site":"@heathcoatfabric","schema":{"@context":"https:\/\/schema.org","@graph":[{"@type":"WebPage","@id":"https:\/\/www.heathcoat.co.uk\/fr\/market-sectors\/epi-lutte-contre-les-incendies-2\/","url":"https:\/\/www.heathcoat.co.uk\/fr\/market-sectors\/epi-lutte-contre-les-incendies-2\/","name":"Lutte contre les incendies \/ EPI | Heathcoat Fabrics","isPartOf":{"@id":"https:\/\/www.heathcoat.co.uk\/fr\/#website"},"primaryImageOfPage":{"@id":"https:\/\/www.heathcoat.co.uk\/fr\/market-sectors\/epi-lutte-contre-les-incendies-2\/#primaryimage"},"image":{"@id":"https:\/\/www.heathcoat.co.uk\/fr\/market-sectors\/epi-lutte-contre-les-incendies-2\/#primaryimage"},"thumbnailUrl":"https:\/\/www.heathcoat.co.uk\/wp-content\/uploads\/2019\/04\/45153425.jpg","datePublished":"2021-03-02T16:48:32+00:00","dateModified":"2021-06-02T10:21:29+00:00","description":"Le leader des tissus pour EPI, des sous-v\u00eatements r\u00e9sistants aux flammes et des cagoules anti-particules destin\u00e9s aux pompiers\u00a0\u2013 des performances sup\u00e9rieures au c\u0153ur du concept de protection.","breadcrumb":{"@id":"https:\/\/www.heathcoat.co.uk\/fr\/market-sectors\/epi-lutte-contre-les-incendies-2\/#breadcrumb"},"inLanguage":"fr-FR","potentialAction":[{"@type":"ReadAction","target":["https:\/\/www.heathcoat.co.uk\/fr\/market-sectors\/epi-lutte-contre-les-incendies-2\/"]}]},{"@type":"ImageObject","inLanguage":"fr-FR","@id":"https:\/\/www.heathcoat.co.uk\/fr\/market-sectors\/epi-lutte-contre-les-incendies-2\/#primaryimage","url":"https:\/\/www.heathcoat.co.uk\/wp-content\/uploads\/2019\/04\/45153425.jpg","contentUrl":"https:\/\/www.heathcoat.co.uk\/wp-content\/uploads\/2019\/04\/45153425.jpg","width":1600,"height":1083},{"@type":"BreadcrumbList","@id":"https:\/\/www.heathcoat.co.uk\/fr\/market-sectors\/epi-lutte-contre-les-incendies-2\/#breadcrumb","itemListElement":[{"@type":"ListItem","position":1,"name":"Home","item":"https:\/\/www.heathcoat.co.uk\/fr\/page-daccueil\/"},{"@type":"ListItem","position":2,"name":"March\u00e9s","item":"https:\/\/www.heathcoat.co.uk\/fr\/market-sectors\/"},{"@type":"ListItem","position":3,"name":"Lutte contre les incendies \/ EPI"}]},{"@type":"WebSite","@id":"https:\/\/www.heathcoat.co.uk\/fr\/#website","url":"https:\/\/www.heathcoat.co.uk\/fr\/","name":"Heathcoat Fabrics","description":"[:en]Redefining Technical Textiles[:de]Redefining Technical Textiles[:es]Redefining Technical Textiles[:fr]Redefining Technical Textiles[:]","publisher":{"@id":"https:\/\/www.heathcoat.co.uk\/fr\/#organization"},"potentialAction":[{"@type":"SearchAction","target":{"@type":"EntryPoint","urlTemplate":"https:\/\/www.heathcoat.co.uk\/fr\/?s={search_term_string}"},"query-input":{"@type":"PropertyValueSpecification","valueRequired":true,"valueName":"search_term_string"}}],"inLanguage":"fr-FR"},{"@type":"Organization","@id":"https:\/\/www.heathcoat.co.uk\/fr\/#organization","name":"Heathcoat Fabrics Limited","alternateName":"Heathcote","url":"https:\/\/www.heathcoat.co.uk\/fr\/","logo":{"@type":"ImageObject","inLanguage":"fr-FR","@id":"https:\/\/www.heathcoat.co.uk\/fr\/#\/schema\/logo\/image\/","url":"https:\/\/www.heathcoat.co.uk\/wp-content\/uploads\/2020\/09\/heathcoat_logo21cm.jpg","contentUrl":"https:\/\/www.heathcoat.co.uk\/wp-content\/uploads\/2020\/09\/heathcoat_logo21cm.jpg","width":2480,"height":1018,"caption":"Heathcoat Fabrics Limited"},"image":{"@id":"https:\/\/www.heathcoat.co.uk\/fr\/#\/schema\/logo\/image\/"},"sameAs":["https:\/\/www.facebook.com\/HeathcoatFabric\/","https:\/\/x.com\/heathcoatfabric","https:\/\/www.linkedin.com\/company\/heathcoat-fabrics-limited\/","https:\/\/www.youtube.com\/channel\/UCOk5PU6FBjzf356IKOO7MuQ"],"description":"World-class, sustainability-focused technical textile manufacturer of market-leading engineered, industrial and technical apparel fabrics.","email":"info@heathcoat.co.uk","telephone":"+44 1884 254949","legalName":"Heathcoat Fabrics Limited"}]}},"acf":[],"_links":{"self":[{"href":"https:\/\/www.heathcoat.co.uk\/fr\/wp-json\/wp\/v2\/pages\/11246","targetHints":{"allow":["GET"]}}],"collection":[{"href":"https:\/\/www.heathcoat.co.uk\/fr\/wp-json\/wp\/v2\/pages"}],"about":[{"href":"https:\/\/www.heathcoat.co.uk\/fr\/wp-json\/wp\/v2\/types\/page"}],"author":[{"embeddable":true,"href":"https:\/\/www.heathcoat.co.uk\/fr\/wp-json\/wp\/v2\/users\/3"}],"replies":[{"embeddable":true,"href":"https:\/\/www.heathcoat.co.uk\/fr\/wp-json\/wp\/v2\/comments?post=11246"}],"version-history":[{"count":2,"href":"https:\/\/www.heathcoat.co.uk\/fr\/wp-json\/wp\/v2\/pages\/11246\/revisions"}],"predecessor-version":[{"id":12761,"href":"https:\/\/www.heathcoat.co.uk\/fr\/wp-json\/wp\/v2\/pages\/11246\/revisions\/12761"}],"up":[{"embeddable":true,"href":"https:\/\/www.heathcoat.co.uk\/fr\/wp-json\/wp\/v2\/pages\/8227"}],"wp:featuredmedia":[{"embeddable":true,"href":"https:\/\/www.heathcoat.co.uk\/fr\/wp-json\/wp\/v2\/media\/3479"}],"wp:attachment":[{"href":"https:\/\/www.heathcoat.co.uk\/fr\/wp-json\/wp\/v2\/media?parent=11246"}],"curies":[{"name":"wp","href":"https:\/\/api.w.org\/{rel}","templated":true}]}}