{"id":35688,"date":"2024-12-06T16:13:22","date_gmt":"2024-12-06T16:13:22","guid":{"rendered":"https:\/\/www.heathcoat.co.uk\/market-sectors\/guarderia\/"},"modified":"2024-12-06T16:13:22","modified_gmt":"2024-12-06T16:13:22","slug":"guarderia","status":"publish","type":"page","link":"https:\/\/www.heathcoat.co.uk\/es\/market-sectors\/guarderia\/","title":{"rendered":"Guarder\u00eda"},"content":{"rendered":"","protected":false},"excerpt":{"rendered":"","protected":false},"author":1,"featured_media":35563,"parent":8231,"menu_order":0,"comment_status":"closed","ping_status":"closed","template":"","meta":[],"class_list":["post-35688","page","type-page","status-publish","has-post-thumbnail","hentry"],"yoast_head":"<!-- This site is optimized with the Yoast SEO Premium plugin v27.3 (Yoast SEO v27.4) - https:\/\/yoast.com\/product\/yoast-seo-premium-wordpress\/ -->\n<title>Guarder\u00eda | Heathcoat Fabrics<\/title>\n<meta name=\"description\" content=\"Una variedad de mallas y espaciadores 3D que ofrecen tejidos suaves, ligeros y transpirables, dise\u00f1ados para la seguridad y la comodidad de los productos de Enfermer\u00eda.\" \/>\n<meta name=\"robots\" content=\"index, follow, max-snippet:-1, max-image-preview:large, max-video-preview:-1\" \/>\n<link rel=\"canonical\" href=\"https:\/\/www.heathcoat.co.uk\/es\/market-sectors\/guarderia\/\" \/>\n<meta property=\"og:locale\" content=\"es_ES\" \/>\n<meta property=\"og:type\" content=\"article\" \/>\n<meta property=\"og:title\" content=\"Guarder\u00eda\" \/>\n<meta property=\"og:description\" content=\"Una variedad de mallas y espaciadores 3D que ofrecen tejidos suaves, ligeros y transpirables, dise\u00f1ados para la seguridad y la comodidad de los productos de Enfermer\u00eda.\" \/>\n<meta property=\"og:url\" content=\"https:\/\/www.heathcoat.co.uk\/es\/market-sectors\/guarderia\/\" \/>\n<meta property=\"og:site_name\" content=\"Heathcoat Fabrics\" \/>\n<meta property=\"article:publisher\" content=\"https:\/\/www.facebook.com\/HeathcoatFabric\/\" \/>\n<meta property=\"og:image\" content=\"https:\/\/www.heathcoat.co.uk\/wp-content\/uploads\/2024\/11\/iStock-2085733091-scaled.jpg\" \/>\n\t<meta property=\"og:image:width\" content=\"2560\" \/>\n\t<meta property=\"og:image:height\" content=\"1707\" \/>\n\t<meta property=\"og:image:type\" content=\"image\/jpeg\" \/>\n<meta name=\"twitter:card\" content=\"summary_large_image\" \/>\n<meta name=\"twitter:site\" content=\"@heathcoatfabric\" \/>\n<!-- \/ Yoast SEO Premium plugin. -->","yoast_head_json":{"title":"Guarder\u00eda | Heathcoat Fabrics","description":"Una variedad de mallas y espaciadores 3D que ofrecen tejidos suaves, ligeros y transpirables, dise\u00f1ados para la seguridad y la comodidad de los productos de Enfermer\u00eda.","robots":{"index":"index","follow":"follow","max-snippet":"max-snippet:-1","max-image-preview":"max-image-preview:large","max-video-preview":"max-video-preview:-1"},"canonical":"https:\/\/www.heathcoat.co.uk\/es\/market-sectors\/guarderia\/","og_locale":"es_ES","og_type":"article","og_title":"Guarder\u00eda","og_description":"Una variedad de mallas y espaciadores 3D que ofrecen tejidos suaves, ligeros y transpirables, dise\u00f1ados para la seguridad y la comodidad de los productos de Enfermer\u00eda.","og_url":"https:\/\/www.heathcoat.co.uk\/es\/market-sectors\/guarderia\/","og_site_name":"Heathcoat Fabrics","article_publisher":"https:\/\/www.facebook.com\/HeathcoatFabric\/","og_image":[{"width":2560,"height":1707,"url":"https:\/\/www.heathcoat.co.uk\/wp-content\/uploads\/2024\/11\/iStock-2085733091-scaled.jpg","type":"image\/jpeg"}],"twitter_card":"summary_large_image","twitter_site":"@heathcoatfabric","schema":{"@context":"https:\/\/schema.org","@graph":[{"@type":"WebPage","@id":"https:\/\/www.heathcoat.co.uk\/es\/market-sectors\/guarderia\/","url":"https:\/\/www.heathcoat.co.uk\/es\/market-sectors\/guarderia\/","name":"Guarder\u00eda | Heathcoat Fabrics","isPartOf":{"@id":"https:\/\/www.heathcoat.co.uk\/es\/#website"},"primaryImageOfPage":{"@id":"https:\/\/www.heathcoat.co.uk\/es\/market-sectors\/guarderia\/#primaryimage"},"image":{"@id":"https:\/\/www.heathcoat.co.uk\/es\/market-sectors\/guarderia\/#primaryimage"},"thumbnailUrl":"https:\/\/www.heathcoat.co.uk\/wp-content\/uploads\/2024\/11\/iStock-2085733091-scaled.jpg","datePublished":"2024-12-06T16:13:22+00:00","description":"Una variedad de mallas y espaciadores 3D que ofrecen tejidos suaves, ligeros y transpirables, dise\u00f1ados para la seguridad y la comodidad de los productos de Enfermer\u00eda.","breadcrumb":{"@id":"https:\/\/www.heathcoat.co.uk\/es\/market-sectors\/guarderia\/#breadcrumb"},"inLanguage":"es","potentialAction":[{"@type":"ReadAction","target":["https:\/\/www.heathcoat.co.uk\/es\/market-sectors\/guarderia\/"]}]},{"@type":"ImageObject","inLanguage":"es","@id":"https:\/\/www.heathcoat.co.uk\/es\/market-sectors\/guarderia\/#primaryimage","url":"https:\/\/www.heathcoat.co.uk\/wp-content\/uploads\/2024\/11\/iStock-2085733091-scaled.jpg","contentUrl":"https:\/\/www.heathcoat.co.uk\/wp-content\/uploads\/2024\/11\/iStock-2085733091-scaled.jpg","width":2560,"height":1707,"caption":"High angle view of unrecognizable baby playing in his rocking swing chair at home"},{"@type":"BreadcrumbList","@id":"https:\/\/www.heathcoat.co.uk\/es\/market-sectors\/guarderia\/#breadcrumb","itemListElement":[{"@type":"ListItem","position":1,"name":"Home","item":"https:\/\/www.heathcoat.co.uk\/es\/pagina-de-inicio\/"},{"@type":"ListItem","position":2,"name":"Sectores de Mercado","item":"https:\/\/www.heathcoat.co.uk\/es\/market-sectors\/"},{"@type":"ListItem","position":3,"name":"Guarder\u00eda"}]},{"@type":"WebSite","@id":"https:\/\/www.heathcoat.co.uk\/es\/#website","url":"https:\/\/www.heathcoat.co.uk\/es\/","name":"Heathcoat Fabrics","description":"[:en]Redefining Technical Textiles[:de]Redefining Technical Textiles[:es]Redefining Technical Textiles[:fr]Redefining Technical Textiles[:]","publisher":{"@id":"https:\/\/www.heathcoat.co.uk\/es\/#organization"},"potentialAction":[{"@type":"SearchAction","target":{"@type":"EntryPoint","urlTemplate":"https:\/\/www.heathcoat.co.uk\/es\/?s={search_term_string}"},"query-input":{"@type":"PropertyValueSpecification","valueRequired":true,"valueName":"search_term_string"}}],"inLanguage":"es"},{"@type":"Organization","@id":"https:\/\/www.heathcoat.co.uk\/es\/#organization","name":"Heathcoat Fabrics Limited","alternateName":"Heathcote","url":"https:\/\/www.heathcoat.co.uk\/es\/","logo":{"@type":"ImageObject","inLanguage":"es","@id":"https:\/\/www.heathcoat.co.uk\/es\/#\/schema\/logo\/image\/","url":"https:\/\/www.heathcoat.co.uk\/wp-content\/uploads\/2020\/09\/heathcoat_logo21cm.jpg","contentUrl":"https:\/\/www.heathcoat.co.uk\/wp-content\/uploads\/2020\/09\/heathcoat_logo21cm.jpg","width":2480,"height":1018,"caption":"Heathcoat Fabrics Limited"},"image":{"@id":"https:\/\/www.heathcoat.co.uk\/es\/#\/schema\/logo\/image\/"},"sameAs":["https:\/\/www.facebook.com\/HeathcoatFabric\/","https:\/\/x.com\/heathcoatfabric","https:\/\/www.linkedin.com\/company\/heathcoat-fabrics-limited\/","https:\/\/www.youtube.com\/channel\/UCOk5PU6FBjzf356IKOO7MuQ"],"description":"World-class, sustainability-focused technical textile manufacturer of market-leading engineered, industrial and technical apparel fabrics.","email":"info@heathcoat.co.uk","telephone":"+44 1884 254949","legalName":"Heathcoat Fabrics Limited"}]}},"acf":[],"_links":{"self":[{"href":"https:\/\/www.heathcoat.co.uk\/es\/wp-json\/wp\/v2\/pages\/35688","targetHints":{"allow":["GET"]}}],"collection":[{"href":"https:\/\/www.heathcoat.co.uk\/es\/wp-json\/wp\/v2\/pages"}],"about":[{"href":"https:\/\/www.heathcoat.co.uk\/es\/wp-json\/wp\/v2\/types\/page"}],"author":[{"embeddable":true,"href":"https:\/\/www.heathcoat.co.uk\/es\/wp-json\/wp\/v2\/users\/1"}],"replies":[{"embeddable":true,"href":"https:\/\/www.heathcoat.co.uk\/es\/wp-json\/wp\/v2\/comments?post=35688"}],"version-history":[{"count":1,"href":"https:\/\/www.heathcoat.co.uk\/es\/wp-json\/wp\/v2\/pages\/35688\/revisions"}],"predecessor-version":[{"id":35689,"href":"https:\/\/www.heathcoat.co.uk\/es\/wp-json\/wp\/v2\/pages\/35688\/revisions\/35689"}],"up":[{"embeddable":true,"href":"https:\/\/www.heathcoat.co.uk\/es\/wp-json\/wp\/v2\/pages\/8231"}],"wp:featuredmedia":[{"embeddable":true,"href":"https:\/\/www.heathcoat.co.uk\/es\/wp-json\/wp\/v2\/media\/35563"}],"wp:attachment":[{"href":"https:\/\/www.heathcoat.co.uk\/es\/wp-json\/wp\/v2\/media?parent=35688"}],"curies":[{"name":"wp","href":"https:\/\/api.w.org\/{rel}","templated":true}]}}