{"id":35441,"date":"2024-11-21T15:45:27","date_gmt":"2024-11-21T15:45:27","guid":{"rendered":"https:\/\/www.heathcoat.co.uk\/market-sectors\/equipo-de-proteccion-individual\/"},"modified":"2024-11-21T15:45:27","modified_gmt":"2024-11-21T15:45:27","slug":"equipo-de-proteccion-individual","status":"publish","type":"page","link":"https:\/\/www.heathcoat.co.uk\/es\/market-sectors\/equipo-de-proteccion-individual\/","title":{"rendered":"Equipo de protecci\u00f3n individual"},"content":{"rendered":"","protected":false},"excerpt":{"rendered":"","protected":false},"author":1,"featured_media":33864,"parent":8231,"menu_order":0,"comment_status":"closed","ping_status":"closed","template":"","meta":[],"class_list":["post-35441","page","type-page","status-publish","has-post-thumbnail","hentry"],"yoast_head":"<!-- This site is optimized with the Yoast SEO Premium plugin v27.3 (Yoast SEO v27.4) - https:\/\/yoast.com\/product\/yoast-seo-premium-wordpress\/ -->\n<title>Equipo de protecci\u00f3n individual | Heathcoat Fabrics<\/title>\n<meta name=\"description\" content=\"Tejidos de seguridad de alto rendimiento l\u00edderes en el mercado, dise\u00f1ados para los equipos de protecci\u00f3n individual (EPI) de bomberos, polic\u00edas y personal industrial.\" \/>\n<meta name=\"robots\" content=\"index, follow, max-snippet:-1, max-image-preview:large, max-video-preview:-1\" \/>\n<link rel=\"canonical\" href=\"https:\/\/www.heathcoat.co.uk\/es\/market-sectors\/equipo-de-proteccion-individual\/\" \/>\n<meta property=\"og:locale\" content=\"es_ES\" \/>\n<meta property=\"og:type\" content=\"article\" \/>\n<meta property=\"og:title\" content=\"Equipo de protecci\u00f3n individual\" \/>\n<meta property=\"og:description\" content=\"Tejidos de seguridad de alto rendimiento l\u00edderes en el mercado, dise\u00f1ados para los equipos de protecci\u00f3n individual (EPI) de bomberos, polic\u00edas y personal industrial.\" \/>\n<meta property=\"og:url\" content=\"https:\/\/www.heathcoat.co.uk\/es\/market-sectors\/equipo-de-proteccion-individual\/\" \/>\n<meta property=\"og:site_name\" content=\"Heathcoat Fabrics\" \/>\n<meta property=\"article:publisher\" content=\"https:\/\/www.facebook.com\/HeathcoatFabric\/\" \/>\n<meta property=\"og:image\" content=\"https:\/\/www.heathcoat.co.uk\/wp-content\/uploads\/2024\/08\/FLEET-20240709-XA0048-022.jpg.iCfmg_rmMWATAA.XsqHlDQ3HC.jpg\" \/>\n\t<meta property=\"og:image:width\" content=\"1200\" \/>\n\t<meta property=\"og:image:height\" content=\"801\" \/>\n\t<meta property=\"og:image:type\" content=\"image\/jpeg\" \/>\n<meta name=\"twitter:card\" content=\"summary_large_image\" \/>\n<meta name=\"twitter:site\" content=\"@heathcoatfabric\" \/>\n<!-- \/ Yoast SEO Premium plugin. -->","yoast_head_json":{"title":"Equipo de protecci\u00f3n individual | Heathcoat Fabrics","description":"Tejidos de seguridad de alto rendimiento l\u00edderes en el mercado, dise\u00f1ados para los equipos de protecci\u00f3n individual (EPI) de bomberos, polic\u00edas y personal industrial.","robots":{"index":"index","follow":"follow","max-snippet":"max-snippet:-1","max-image-preview":"max-image-preview:large","max-video-preview":"max-video-preview:-1"},"canonical":"https:\/\/www.heathcoat.co.uk\/es\/market-sectors\/equipo-de-proteccion-individual\/","og_locale":"es_ES","og_type":"article","og_title":"Equipo de protecci\u00f3n individual","og_description":"Tejidos de seguridad de alto rendimiento l\u00edderes en el mercado, dise\u00f1ados para los equipos de protecci\u00f3n individual (EPI) de bomberos, polic\u00edas y personal industrial.","og_url":"https:\/\/www.heathcoat.co.uk\/es\/market-sectors\/equipo-de-proteccion-individual\/","og_site_name":"Heathcoat Fabrics","article_publisher":"https:\/\/www.facebook.com\/HeathcoatFabric\/","og_image":[{"width":1200,"height":801,"url":"https:\/\/www.heathcoat.co.uk\/wp-content\/uploads\/2024\/08\/FLEET-20240709-XA0048-022.jpg.iCfmg_rmMWATAA.XsqHlDQ3HC.jpg","type":"image\/jpeg"}],"twitter_card":"summary_large_image","twitter_site":"@heathcoatfabric","schema":{"@context":"https:\/\/schema.org","@graph":[{"@type":"WebPage","@id":"https:\/\/www.heathcoat.co.uk\/es\/market-sectors\/equipo-de-proteccion-individual\/","url":"https:\/\/www.heathcoat.co.uk\/es\/market-sectors\/equipo-de-proteccion-individual\/","name":"Equipo de protecci\u00f3n individual | Heathcoat Fabrics","isPartOf":{"@id":"https:\/\/www.heathcoat.co.uk\/es\/#website"},"primaryImageOfPage":{"@id":"https:\/\/www.heathcoat.co.uk\/es\/market-sectors\/equipo-de-proteccion-individual\/#primaryimage"},"image":{"@id":"https:\/\/www.heathcoat.co.uk\/es\/market-sectors\/equipo-de-proteccion-individual\/#primaryimage"},"thumbnailUrl":"https:\/\/www.heathcoat.co.uk\/wp-content\/uploads\/2024\/08\/FLEET-20240709-XA0048-022.jpg.iCfmg_rmMWATAA.XsqHlDQ3HC.jpg","datePublished":"2024-11-21T15:45:27+00:00","description":"Tejidos de seguridad de alto rendimiento l\u00edderes en el mercado, dise\u00f1ados para los equipos de protecci\u00f3n individual (EPI) de bomberos, polic\u00edas y personal industrial.","breadcrumb":{"@id":"https:\/\/www.heathcoat.co.uk\/es\/market-sectors\/equipo-de-proteccion-individual\/#breadcrumb"},"inLanguage":"es","potentialAction":[{"@type":"ReadAction","target":["https:\/\/www.heathcoat.co.uk\/es\/market-sectors\/equipo-de-proteccion-individual\/"]}]},{"@type":"ImageObject","inLanguage":"es","@id":"https:\/\/www.heathcoat.co.uk\/es\/market-sectors\/equipo-de-proteccion-individual\/#primaryimage","url":"https:\/\/www.heathcoat.co.uk\/wp-content\/uploads\/2024\/08\/FLEET-20240709-XA0048-022.jpg.iCfmg_rmMWATAA.XsqHlDQ3HC.jpg","contentUrl":"https:\/\/www.heathcoat.co.uk\/wp-content\/uploads\/2024\/08\/FLEET-20240709-XA0048-022.jpg.iCfmg_rmMWATAA.XsqHlDQ3HC.jpg","width":1200,"height":801,"caption":"innovative and high-performance textiles for personal protective equipment (PPE)"},{"@type":"BreadcrumbList","@id":"https:\/\/www.heathcoat.co.uk\/es\/market-sectors\/equipo-de-proteccion-individual\/#breadcrumb","itemListElement":[{"@type":"ListItem","position":1,"name":"Home","item":"https:\/\/www.heathcoat.co.uk\/es\/pagina-de-inicio\/"},{"@type":"ListItem","position":2,"name":"Sectores de Mercado","item":"https:\/\/www.heathcoat.co.uk\/es\/market-sectors\/"},{"@type":"ListItem","position":3,"name":"Equipo de protecci\u00f3n individual"}]},{"@type":"WebSite","@id":"https:\/\/www.heathcoat.co.uk\/es\/#website","url":"https:\/\/www.heathcoat.co.uk\/es\/","name":"Heathcoat Fabrics","description":"[:en]Redefining Technical Textiles[:de]Redefining Technical Textiles[:es]Redefining Technical Textiles[:fr]Redefining Technical Textiles[:]","publisher":{"@id":"https:\/\/www.heathcoat.co.uk\/es\/#organization"},"potentialAction":[{"@type":"SearchAction","target":{"@type":"EntryPoint","urlTemplate":"https:\/\/www.heathcoat.co.uk\/es\/?s={search_term_string}"},"query-input":{"@type":"PropertyValueSpecification","valueRequired":true,"valueName":"search_term_string"}}],"inLanguage":"es"},{"@type":"Organization","@id":"https:\/\/www.heathcoat.co.uk\/es\/#organization","name":"Heathcoat Fabrics Limited","alternateName":"Heathcote","url":"https:\/\/www.heathcoat.co.uk\/es\/","logo":{"@type":"ImageObject","inLanguage":"es","@id":"https:\/\/www.heathcoat.co.uk\/es\/#\/schema\/logo\/image\/","url":"https:\/\/www.heathcoat.co.uk\/wp-content\/uploads\/2020\/09\/heathcoat_logo21cm.jpg","contentUrl":"https:\/\/www.heathcoat.co.uk\/wp-content\/uploads\/2020\/09\/heathcoat_logo21cm.jpg","width":2480,"height":1018,"caption":"Heathcoat Fabrics Limited"},"image":{"@id":"https:\/\/www.heathcoat.co.uk\/es\/#\/schema\/logo\/image\/"},"sameAs":["https:\/\/www.facebook.com\/HeathcoatFabric\/","https:\/\/x.com\/heathcoatfabric","https:\/\/www.linkedin.com\/company\/heathcoat-fabrics-limited\/","https:\/\/www.youtube.com\/channel\/UCOk5PU6FBjzf356IKOO7MuQ"],"description":"World-class, sustainability-focused technical textile manufacturer of market-leading engineered, industrial and technical apparel fabrics.","email":"info@heathcoat.co.uk","telephone":"+44 1884 254949","legalName":"Heathcoat Fabrics Limited"}]}},"acf":[],"_links":{"self":[{"href":"https:\/\/www.heathcoat.co.uk\/es\/wp-json\/wp\/v2\/pages\/35441","targetHints":{"allow":["GET"]}}],"collection":[{"href":"https:\/\/www.heathcoat.co.uk\/es\/wp-json\/wp\/v2\/pages"}],"about":[{"href":"https:\/\/www.heathcoat.co.uk\/es\/wp-json\/wp\/v2\/types\/page"}],"author":[{"embeddable":true,"href":"https:\/\/www.heathcoat.co.uk\/es\/wp-json\/wp\/v2\/users\/1"}],"replies":[{"embeddable":true,"href":"https:\/\/www.heathcoat.co.uk\/es\/wp-json\/wp\/v2\/comments?post=35441"}],"version-history":[{"count":0,"href":"https:\/\/www.heathcoat.co.uk\/es\/wp-json\/wp\/v2\/pages\/35441\/revisions"}],"up":[{"embeddable":true,"href":"https:\/\/www.heathcoat.co.uk\/es\/wp-json\/wp\/v2\/pages\/8231"}],"wp:featuredmedia":[{"embeddable":true,"href":"https:\/\/www.heathcoat.co.uk\/es\/wp-json\/wp\/v2\/media\/33864"}],"wp:attachment":[{"href":"https:\/\/www.heathcoat.co.uk\/es\/wp-json\/wp\/v2\/media?parent=35441"}],"curies":[{"name":"wp","href":"https:\/\/api.w.org\/{rel}","templated":true}]}}