{"id":8928,"date":"2020-11-11T15:58:41","date_gmt":"2020-11-11T15:58:41","guid":{"rendered":"https:\/\/www.heathcoat.co.uk\/feiner-englischer-tuell\/"},"modified":"2020-11-17T13:47:50","modified_gmt":"2020-11-17T13:47:50","slug":"feiner-englischer-tuell","status":"publish","type":"page","link":"https:\/\/www.heathcoat.co.uk\/de\/market-sectors\/feiner-englischer-tuell\/","title":{"rendered":"Englischer T\u00fcll"},"content":{"rendered":"","protected":false},"excerpt":{"rendered":"","protected":false},"author":3,"featured_media":6722,"parent":8229,"menu_order":0,"comment_status":"closed","ping_status":"closed","template":"","meta":[],"class_list":["post-8928","page","type-page","status-publish","has-post-thumbnail","hentry"],"yoast_head":"<!-- This site is optimized with the Yoast SEO Premium plugin v27.4 (Yoast SEO v27.5) - https:\/\/yoast.com\/product\/yoast-seo-premium-wordpress\/ -->\n<title>Englischer T\u00fcll | Heathcoat Fabrics<\/title>\n<meta name=\"description\" content=\"Ein Premium-Sortiment mit englischen T\u00fcll- und Netzstoffen mit dem patentierten Flare Free-Brandschutz. Beruhigend und sicher f\u00fcr Generationen von Br\u00e4uten und erste Wahl f\u00fcr Designer.\" \/>\n<meta name=\"robots\" content=\"index, follow, max-snippet:-1, max-image-preview:large, max-video-preview:-1\" \/>\n<link rel=\"canonical\" href=\"https:\/\/www.heathcoat.co.uk\/de\/market-sectors\/feiner-englischer-tuell\/\" \/>\n<meta property=\"og:locale\" content=\"de_DE\" \/>\n<meta property=\"og:type\" content=\"article\" \/>\n<meta property=\"og:title\" content=\"Englischer T\u00fcll\" \/>\n<meta property=\"og:description\" content=\"Ein Premium-Sortiment mit englischen T\u00fcll- und Netzstoffen mit dem patentierten Flare Free-Brandschutz. Beruhigend und sicher f\u00fcr Generationen von Br\u00e4uten und erste Wahl f\u00fcr Designer.\" \/>\n<meta property=\"og:url\" content=\"https:\/\/www.heathcoat.co.uk\/de\/market-sectors\/feiner-englischer-tuell\/\" \/>\n<meta property=\"og:site_name\" content=\"Heathcoat Fabrics\" \/>\n<meta property=\"article:publisher\" content=\"https:\/\/www.facebook.com\/HeathcoatFabric\/\" \/>\n<meta property=\"article:modified_time\" content=\"2020-11-17T13:47:50+00:00\" \/>\n<meta property=\"og:image\" content=\"https:\/\/www.heathcoat.co.uk\/wp-content\/uploads\/2020\/07\/wedding-dresses-rail-masthead-tint.jpg\" \/>\n\t<meta property=\"og:image:width\" content=\"1920\" \/>\n\t<meta property=\"og:image:height\" content=\"1080\" \/>\n\t<meta property=\"og:image:type\" content=\"image\/jpeg\" \/>\n<meta name=\"twitter:card\" content=\"summary_large_image\" \/>\n<meta name=\"twitter:site\" content=\"@heathcoatfabric\" \/>\n<!-- \/ Yoast SEO Premium plugin. -->","yoast_head_json":{"title":"Englischer T\u00fcll | Heathcoat Fabrics","description":"Ein Premium-Sortiment mit englischen T\u00fcll- und Netzstoffen mit dem patentierten Flare Free-Brandschutz. Beruhigend und sicher f\u00fcr Generationen von Br\u00e4uten und erste Wahl f\u00fcr Designer.","robots":{"index":"index","follow":"follow","max-snippet":"max-snippet:-1","max-image-preview":"max-image-preview:large","max-video-preview":"max-video-preview:-1"},"canonical":"https:\/\/www.heathcoat.co.uk\/de\/market-sectors\/feiner-englischer-tuell\/","og_locale":"de_DE","og_type":"article","og_title":"Englischer T\u00fcll","og_description":"Ein Premium-Sortiment mit englischen T\u00fcll- und Netzstoffen mit dem patentierten Flare Free-Brandschutz. Beruhigend und sicher f\u00fcr Generationen von Br\u00e4uten und erste Wahl f\u00fcr Designer.","og_url":"https:\/\/www.heathcoat.co.uk\/de\/market-sectors\/feiner-englischer-tuell\/","og_site_name":"Heathcoat Fabrics","article_publisher":"https:\/\/www.facebook.com\/HeathcoatFabric\/","article_modified_time":"2020-11-17T13:47:50+00:00","og_image":[{"width":1920,"height":1080,"url":"https:\/\/www.heathcoat.co.uk\/wp-content\/uploads\/2020\/07\/wedding-dresses-rail-masthead-tint.jpg","type":"image\/jpeg"}],"twitter_card":"summary_large_image","twitter_site":"@heathcoatfabric","schema":{"@context":"https:\/\/schema.org","@graph":[{"@type":"WebPage","@id":"https:\/\/www.heathcoat.co.uk\/de\/market-sectors\/feiner-englischer-tuell\/","url":"https:\/\/www.heathcoat.co.uk\/de\/market-sectors\/feiner-englischer-tuell\/","name":"Englischer T\u00fcll | Heathcoat Fabrics","isPartOf":{"@id":"https:\/\/www.heathcoat.co.uk\/de\/#website"},"primaryImageOfPage":{"@id":"https:\/\/www.heathcoat.co.uk\/de\/market-sectors\/feiner-englischer-tuell\/#primaryimage"},"image":{"@id":"https:\/\/www.heathcoat.co.uk\/de\/market-sectors\/feiner-englischer-tuell\/#primaryimage"},"thumbnailUrl":"https:\/\/www.heathcoat.co.uk\/wp-content\/uploads\/2020\/07\/wedding-dresses-rail-masthead-tint.jpg","datePublished":"2020-11-11T15:58:41+00:00","dateModified":"2020-11-17T13:47:50+00:00","description":"Ein Premium-Sortiment mit englischen T\u00fcll- und Netzstoffen mit dem patentierten Flare Free-Brandschutz. Beruhigend und sicher f\u00fcr Generationen von Br\u00e4uten und erste Wahl f\u00fcr Designer.","breadcrumb":{"@id":"https:\/\/www.heathcoat.co.uk\/de\/market-sectors\/feiner-englischer-tuell\/#breadcrumb"},"inLanguage":"de","potentialAction":[{"@type":"ReadAction","target":["https:\/\/www.heathcoat.co.uk\/de\/market-sectors\/feiner-englischer-tuell\/"]}]},{"@type":"ImageObject","inLanguage":"de","@id":"https:\/\/www.heathcoat.co.uk\/de\/market-sectors\/feiner-englischer-tuell\/#primaryimage","url":"https:\/\/www.heathcoat.co.uk\/wp-content\/uploads\/2020\/07\/wedding-dresses-rail-masthead-tint.jpg","contentUrl":"https:\/\/www.heathcoat.co.uk\/wp-content\/uploads\/2020\/07\/wedding-dresses-rail-masthead-tint.jpg","width":1920,"height":1080},{"@type":"BreadcrumbList","@id":"https:\/\/www.heathcoat.co.uk\/de\/market-sectors\/feiner-englischer-tuell\/#breadcrumb","itemListElement":[{"@type":"ListItem","position":1,"name":"Home","item":"https:\/\/www.heathcoat.co.uk\/de\/homepage\/"},{"@type":"ListItem","position":2,"name":"Anwendungen","item":"https:\/\/www.heathcoat.co.uk\/de\/market-sectors\/"},{"@type":"ListItem","position":3,"name":"Englischer T\u00fcll"}]},{"@type":"WebSite","@id":"https:\/\/www.heathcoat.co.uk\/de\/#website","url":"https:\/\/www.heathcoat.co.uk\/de\/","name":"Heathcoat Fabrics","description":"[:en]Redefining Technical Textiles[:de]Redefining Technical Textiles[:es]Redefining Technical Textiles[:fr]Redefining Technical Textiles[:]","publisher":{"@id":"https:\/\/www.heathcoat.co.uk\/de\/#organization"},"potentialAction":[{"@type":"SearchAction","target":{"@type":"EntryPoint","urlTemplate":"https:\/\/www.heathcoat.co.uk\/de\/?s={search_term_string}"},"query-input":{"@type":"PropertyValueSpecification","valueRequired":true,"valueName":"search_term_string"}}],"inLanguage":"de"},{"@type":"Organization","@id":"https:\/\/www.heathcoat.co.uk\/de\/#organization","name":"Heathcoat Fabrics Limited","alternateName":"Heathcote","url":"https:\/\/www.heathcoat.co.uk\/de\/","logo":{"@type":"ImageObject","inLanguage":"de","@id":"https:\/\/www.heathcoat.co.uk\/de\/#\/schema\/logo\/image\/","url":"https:\/\/www.heathcoat.co.uk\/wp-content\/uploads\/2020\/09\/heathcoat_logo21cm.jpg","contentUrl":"https:\/\/www.heathcoat.co.uk\/wp-content\/uploads\/2020\/09\/heathcoat_logo21cm.jpg","width":2480,"height":1018,"caption":"Heathcoat Fabrics Limited"},"image":{"@id":"https:\/\/www.heathcoat.co.uk\/de\/#\/schema\/logo\/image\/"},"sameAs":["https:\/\/www.facebook.com\/HeathcoatFabric\/","https:\/\/x.com\/heathcoatfabric","https:\/\/www.linkedin.com\/company\/heathcoat-fabrics-limited\/","https:\/\/www.youtube.com\/channel\/UCOk5PU6FBjzf356IKOO7MuQ"],"description":"World-class, sustainability-focused technical textile manufacturer of market-leading engineered, industrial and technical apparel fabrics.","email":"info@heathcoat.co.uk","telephone":"+44 1884 254949","legalName":"Heathcoat Fabrics Limited"}]}},"acf":[],"_links":{"self":[{"href":"https:\/\/www.heathcoat.co.uk\/de\/wp-json\/wp\/v2\/pages\/8928","targetHints":{"allow":["GET"]}}],"collection":[{"href":"https:\/\/www.heathcoat.co.uk\/de\/wp-json\/wp\/v2\/pages"}],"about":[{"href":"https:\/\/www.heathcoat.co.uk\/de\/wp-json\/wp\/v2\/types\/page"}],"author":[{"embeddable":true,"href":"https:\/\/www.heathcoat.co.uk\/de\/wp-json\/wp\/v2\/users\/3"}],"replies":[{"embeddable":true,"href":"https:\/\/www.heathcoat.co.uk\/de\/wp-json\/wp\/v2\/comments?post=8928"}],"version-history":[{"count":1,"href":"https:\/\/www.heathcoat.co.uk\/de\/wp-json\/wp\/v2\/pages\/8928\/revisions"}],"predecessor-version":[{"id":9063,"href":"https:\/\/www.heathcoat.co.uk\/de\/wp-json\/wp\/v2\/pages\/8928\/revisions\/9063"}],"up":[{"embeddable":true,"href":"https:\/\/www.heathcoat.co.uk\/de\/wp-json\/wp\/v2\/pages\/8229"}],"wp:featuredmedia":[{"embeddable":true,"href":"https:\/\/www.heathcoat.co.uk\/de\/wp-json\/wp\/v2\/media\/6722"}],"wp:attachment":[{"href":"https:\/\/www.heathcoat.co.uk\/de\/wp-json\/wp\/v2\/media?parent=8928"}],"curies":[{"name":"wp","href":"https:\/\/api.w.org\/{rel}","templated":true}]}}